{"id":349748,"date":"2022-01-21T14:07:28","date_gmt":"2022-01-21T12:07:28","guid":{"rendered":"https:\/\/games.tactic.net\/tuote\/massey-ferguson-7480-with-frontloader\/"},"modified":"2022-10-25T15:49:29","modified_gmt":"2022-10-25T12:49:29","slug":"massey-ferguson-7480-with-frontloader","status":"archive","type":"product","link":"https:\/\/games.tactic.net\/da\/tuote\/massey-ferguson-7480-with-frontloader\/","title":{"rendered":"Massey Ferguson 7480 with frontloader"},"content":{"rendered":"<p>Den realistiske Massey Ferguson 7480 er udstyret med en fuldt fungerende frontl\u00e6sser. Frontl\u00e6sseren kan nemt klikkes p\u00e5 eller af igen ved at fjerne frontv\u00e6gten.<\/p>\n","protected":false},"excerpt":{"rendered":"<p>Den realistiske Massey Ferguson 7480 er udstyret med en fuldt fungerende frontl\u00e6sser. Frontl\u00e6sseren kan nemt klikkes p\u00e5 eller af igen ved at fjerne frontv\u00e6gten.<\/p>\n","protected":false},"featured_media":0,"template":"","meta":{"content-type":"","_monsterinsights_skip_tracking":false,"_monsterinsights_sitenote_active":false,"_monsterinsights_sitenote_note":"","_monsterinsights_sitenote_category":0},"product_brand":[],"product_cat":[1498],"product_tag":[],"brand":[],"target-group":[],"discontinued":[],"class_list":{"0":"post-349748","1":"product","2":"type-product","3":"status-archive","5":"product_cat-bruder-legetoej","7":"first","8":"outofstock","9":"taxable","10":"shipping-taxable","11":"product-type-simple"},"aioseo_notices":[],"_links":{"self":[{"href":"https:\/\/games.tactic.net\/da\/wp-json\/wp\/v2\/product\/349748","targetHints":{"allow":["GET"]}}],"collection":[{"href":"https:\/\/games.tactic.net\/da\/wp-json\/wp\/v2\/product"}],"about":[{"href":"https:\/\/games.tactic.net\/da\/wp-json\/wp\/v2\/types\/product"}],"wp:attachment":[{"href":"https:\/\/games.tactic.net\/da\/wp-json\/wp\/v2\/media?parent=349748"}],"wp:term":[{"taxonomy":"product_brand","embeddable":true,"href":"https:\/\/games.tactic.net\/da\/wp-json\/wp\/v2\/product_brand?post=349748"},{"taxonomy":"product_cat","embeddable":true,"href":"https:\/\/games.tactic.net\/da\/wp-json\/wp\/v2\/product_cat?post=349748"},{"taxonomy":"product_tag","embeddable":true,"href":"https:\/\/games.tactic.net\/da\/wp-json\/wp\/v2\/product_tag?post=349748"},{"taxonomy":"brand","embeddable":true,"href":"https:\/\/games.tactic.net\/da\/wp-json\/wp\/v2\/brand?post=349748"},{"taxonomy":"target-group","embeddable":true,"href":"https:\/\/games.tactic.net\/da\/wp-json\/wp\/v2\/target-group?post=349748"},{"taxonomy":"discontinued","embeddable":true,"href":"https:\/\/games.tactic.net\/da\/wp-json\/wp\/v2\/discontinued?post=349748"}],"curies":[{"name":"wp","href":"https:\/\/api.w.org\/{rel}","templated":true}]}}