{"id":349605,"date":"2022-01-21T14:05:31","date_gmt":"2022-01-21T12:05:31","guid":{"rendered":"https:\/\/games.tactic.net\/tuote\/hit-360\/"},"modified":"2022-03-22T13:22:36","modified_gmt":"2022-03-22T11:22:36","slug":"hit-360","status":"archive","type":"product","link":"https:\/\/games.tactic.net\/da\/tuote\/hit-360\/","title":{"rendered":"Hit 360\u00b0"},"content":{"rendered":"<p>Sjovt udend\u00f8rs kastespil hvor det handler om at ramme keglerne i rigtig r\u00e6kkef\u00f8lge. Midterpinden og m\u00e5leb\u00e5ndet g\u00f8r legen 360\u00b0 sjov, s\u00e5 du kan kaste fra alle retninger!<\/p>\n<div><\/div>\n<div>\u2022 V\u00e6lt den rigtige kegle udenfor m\u00e5leb\u00e5ndets r\u00e6kkevidde, s\u00e5 vinder du den<\/div>\n<div>\u2022 Du kan kaste pindene fra alle retninger<\/div>\n<div><\/div>\n<div>\n<div><img decoding=\"async\" src=\"http:\/\/www.tactic.net\/img\/nuoli.png\" alt=\"Nuoli\" align=\"none\">Download the Hit360 Game Tracker application:<\/div>\n<div>&lt;a href=&quot;https:\/\/play.google.com\/store\/apps\/details?id=com.tactic.hit360<\/p>\n","protected":false},"excerpt":{"rendered":"<p>Sjovt udend\u00f8rs kastespil hvor det handler om at ramme keglerne i rigtig r\u00e6kkef\u00f8lge. Midterpinden og m\u00e5leb\u00e5ndet g\u00f8r legen 360\u00b0 sjov, s\u00e5 du kan kaste fra alle retninger!<\/p>\n","protected":false},"featured_media":0,"template":"","meta":{"content-type":"","_monsterinsights_skip_tracking":false,"_monsterinsights_sitenote_active":false,"_monsterinsights_sitenote_note":"","_monsterinsights_sitenote_category":0},"product_brand":[],"product_cat":[1636],"product_tag":[],"brand":[],"target-group":[],"discontinued":[],"class_list":{"0":"post-349605","1":"product","2":"type-product","3":"status-archive","5":"product_cat-andre-udendoers-spil","7":"first","8":"outofstock","9":"taxable","10":"shipping-taxable","11":"product-type-simple"},"aioseo_notices":[],"_links":{"self":[{"href":"https:\/\/games.tactic.net\/da\/wp-json\/wp\/v2\/product\/349605","targetHints":{"allow":["GET"]}}],"collection":[{"href":"https:\/\/games.tactic.net\/da\/wp-json\/wp\/v2\/product"}],"about":[{"href":"https:\/\/games.tactic.net\/da\/wp-json\/wp\/v2\/types\/product"}],"wp:attachment":[{"href":"https:\/\/games.tactic.net\/da\/wp-json\/wp\/v2\/media?parent=349605"}],"wp:term":[{"taxonomy":"product_brand","embeddable":true,"href":"https:\/\/games.tactic.net\/da\/wp-json\/wp\/v2\/product_brand?post=349605"},{"taxonomy":"product_cat","embeddable":true,"href":"https:\/\/games.tactic.net\/da\/wp-json\/wp\/v2\/product_cat?post=349605"},{"taxonomy":"product_tag","embeddable":true,"href":"https:\/\/games.tactic.net\/da\/wp-json\/wp\/v2\/product_tag?post=349605"},{"taxonomy":"brand","embeddable":true,"href":"https:\/\/games.tactic.net\/da\/wp-json\/wp\/v2\/brand?post=349605"},{"taxonomy":"target-group","embeddable":true,"href":"https:\/\/games.tactic.net\/da\/wp-json\/wp\/v2\/target-group?post=349605"},{"taxonomy":"discontinued","embeddable":true,"href":"https:\/\/games.tactic.net\/da\/wp-json\/wp\/v2\/discontinued?post=349605"}],"curies":[{"name":"wp","href":"https:\/\/api.w.org\/{rel}","templated":true}]}}