{"id":349083,"date":"2022-01-21T14:00:48","date_gmt":"2022-01-21T12:00:48","guid":{"rendered":"https:\/\/games.tactic.net\/tuote\/atlantic-triangle\/"},"modified":"2023-09-27T12:48:31","modified_gmt":"2023-09-27T09:48:31","slug":"atlantic-triangle","status":"archive","type":"product","link":"https:\/\/games.tactic.net\/da\/tuote\/atlantic-triangle\/","title":{"rendered":"Tactic Atlantic Triangle"},"content":{"rendered":"<p>Atlantic Triangle er et spil for 2-5 personer. Spillerne er kaptajner p\u00e5 europ\u00e6iske handelsfl\u00e5der i slutningen af det 18. \u00e5rhundrede. Atlanterhavet og tre kontinenter danner ramme om den h\u00e5rde kamp om magt og penge. Spillerne styrker deres handelsstatus ved at overvinde storme, pirater og deres snedige modstandere. I Atlactic Triangle beh\u00f8ver du mod og forhandlingsevner for at narre modstanderne i jagten p\u00e5 storhed.<\/p>\n","protected":false},"excerpt":{"rendered":"<p>Atlantic Triangle er et spil for 2-5 personer. Spillerne er kaptajner p\u00e5 europ\u00e6iske handelsfl\u00e5der i slutningen af det 18. \u00e5rhundrede.<\/p>\n","protected":false},"featured_media":0,"template":"","meta":{"content-type":"","_monsterinsights_skip_tracking":false,"_monsterinsights_sitenote_active":false,"_monsterinsights_sitenote_note":"","_monsterinsights_sitenote_category":0},"product_brand":[],"product_cat":[1600],"product_tag":[],"brand":[],"target-group":[],"discontinued":[],"class_list":{"0":"post-349083","1":"product","2":"type-product","3":"status-archive","5":"product_cat-strategiske-spil-voksenspil","7":"first","8":"instock","9":"taxable","10":"shipping-taxable","11":"product-type-simple"},"aioseo_notices":[],"_links":{"self":[{"href":"https:\/\/games.tactic.net\/da\/wp-json\/wp\/v2\/product\/349083","targetHints":{"allow":["GET"]}}],"collection":[{"href":"https:\/\/games.tactic.net\/da\/wp-json\/wp\/v2\/product"}],"about":[{"href":"https:\/\/games.tactic.net\/da\/wp-json\/wp\/v2\/types\/product"}],"wp:attachment":[{"href":"https:\/\/games.tactic.net\/da\/wp-json\/wp\/v2\/media?parent=349083"}],"wp:term":[{"taxonomy":"product_brand","embeddable":true,"href":"https:\/\/games.tactic.net\/da\/wp-json\/wp\/v2\/product_brand?post=349083"},{"taxonomy":"product_cat","embeddable":true,"href":"https:\/\/games.tactic.net\/da\/wp-json\/wp\/v2\/product_cat?post=349083"},{"taxonomy":"product_tag","embeddable":true,"href":"https:\/\/games.tactic.net\/da\/wp-json\/wp\/v2\/product_tag?post=349083"},{"taxonomy":"brand","embeddable":true,"href":"https:\/\/games.tactic.net\/da\/wp-json\/wp\/v2\/brand?post=349083"},{"taxonomy":"target-group","embeddable":true,"href":"https:\/\/games.tactic.net\/da\/wp-json\/wp\/v2\/target-group?post=349083"},{"taxonomy":"discontinued","embeddable":true,"href":"https:\/\/games.tactic.net\/da\/wp-json\/wp\/v2\/discontinued?post=349083"}],"curies":[{"name":"wp","href":"https:\/\/api.w.org\/{rel}","templated":true}]}}