{"id":349025,"date":"2022-01-21T13:59:43","date_gmt":"2022-01-21T11:59:43","guid":{"rendered":"https:\/\/games.tactic.net\/tuote\/mimespillet\/"},"modified":"2023-10-25T13:48:20","modified_gmt":"2023-10-25T10:48:20","slug":"mimespillet","status":"publish","type":"product","link":"https:\/\/games.tactic.net\/da\/tuote\/mimespillet\/","title":{"rendered":"Tactic Mimespillet"},"content":{"rendered":"<p>De yngste bruger billederne til at optr\u00e6de efter. Hvordan vil du f.eks. optr\u00e6de som en l\u00f8ve, en hund eller kat? De \u00e6ldre b\u00f8rn eller voksne f\u00e5r lidt sv\u00e6rere opgaver, s\u00e5som at spise spaghetti, binde sine sko osv. Det g\u00e6lder om at optr\u00e6de uden brug af ord eller lyde, og de andre deltagere skal s\u00e5 g\u00e6tte, hvad man mimer.<\/p>\n","protected":false},"excerpt":{"rendered":"<p>Endelig et mimespil for de sm\u00e5. B\u00f8rn fra 4 \u00e5r kan v\u00e6re med her og deltage p\u00e5 lige fod, sammen med resten af familien.<\/p>\n","protected":false},"featured_media":0,"template":"","meta":{"content-type":"","_monsterinsights_skip_tracking":false,"_monsterinsights_sitenote_active":false,"_monsterinsights_sitenote_note":"","_monsterinsights_sitenote_category":0},"product_brand":[],"product_cat":[1574],"product_tag":[319],"brand":[],"target-group":[],"discontinued":[],"class_list":{"0":"post-349025","1":"product","2":"type-product","3":"status-publish","5":"product_cat-boerne-braetspil","6":"product_tag-kreativitet","8":"first","9":"instock","10":"taxable","11":"shipping-taxable","12":"product-type-simple"},"aioseo_notices":[],"_links":{"self":[{"href":"https:\/\/games.tactic.net\/da\/wp-json\/wp\/v2\/product\/349025","targetHints":{"allow":["GET"]}}],"collection":[{"href":"https:\/\/games.tactic.net\/da\/wp-json\/wp\/v2\/product"}],"about":[{"href":"https:\/\/games.tactic.net\/da\/wp-json\/wp\/v2\/types\/product"}],"wp:attachment":[{"href":"https:\/\/games.tactic.net\/da\/wp-json\/wp\/v2\/media?parent=349025"}],"wp:term":[{"taxonomy":"product_brand","embeddable":true,"href":"https:\/\/games.tactic.net\/da\/wp-json\/wp\/v2\/product_brand?post=349025"},{"taxonomy":"product_cat","embeddable":true,"href":"https:\/\/games.tactic.net\/da\/wp-json\/wp\/v2\/product_cat?post=349025"},{"taxonomy":"product_tag","embeddable":true,"href":"https:\/\/games.tactic.net\/da\/wp-json\/wp\/v2\/product_tag?post=349025"},{"taxonomy":"brand","embeddable":true,"href":"https:\/\/games.tactic.net\/da\/wp-json\/wp\/v2\/brand?post=349025"},{"taxonomy":"target-group","embeddable":true,"href":"https:\/\/games.tactic.net\/da\/wp-json\/wp\/v2\/target-group?post=349025"},{"taxonomy":"discontinued","embeddable":true,"href":"https:\/\/games.tactic.net\/da\/wp-json\/wp\/v2\/discontinued?post=349025"}],"curies":[{"name":"wp","href":"https:\/\/api.w.org\/{rel}","templated":true}]}}