{"id":348982,"date":"2022-01-21T13:57:02","date_gmt":"2022-01-21T11:57:02","guid":{"rendered":"https:\/\/games.tactic.net\/tuote\/bworld-john-deere-lawn-tractor-w-ttrailer-garden\/"},"modified":"2023-10-20T15:30:07","modified_gmt":"2023-10-20T12:30:07","slug":"bworld-john-deere-lawn-tractor-w-ttrailer-garden","status":"publish","type":"product","link":"https:\/\/games.tactic.net\/da\/tuote\/bworld-john-deere-lawn-tractor-w-ttrailer-garden\/","title":{"rendered":"Bruder bworld John Deere Pl\u00e6netraktor med trailer leget\u00f8j"},"content":{"rendered":"<p>John Deere havetraktorer er perfekte til pleje af gr\u00e6spl\u00e6ner, da de kombinerer komfort og ydeevne. John Deere X949 skiller sig ud med enest\u00e5ende k\u00f8reegenskaber. Denne siddepl\u00e6neklipper er det nyeste i BRUDERs sortiment af kommunale k\u00f8ret\u00f8jer. Modellen har typisk rulleb\u00f8jle og cockpit, og klippeaggregatet er h\u00f8jdejusterbart og aftageligt. S\u00e6ttet har ogs\u00e5 en tiptrailer til v\u00e6rkt\u00f8j og haveaffald, samt en gartnerfigur, s\u00e5 legen kan starte med det samme. Som ekstra tilbeh\u00f8r passer gartneren med pl\u00e6neklipper (varenr. 62013) perfekt til dette s\u00e6t.<\/p>\n","protected":false},"excerpt":{"rendered":"<p>John Deere X949 pl\u00e6netraktor med trailer er klar til brug. Detaljeret model med justerbare funktioner og en gartner \u2013 masser af realistisk leg og havearbejde.<\/p>\n","protected":false},"featured_media":0,"template":"","meta":{"content-type":"","_monsterinsights_skip_tracking":false,"_monsterinsights_sitenote_active":false,"_monsterinsights_sitenote_note":"","_monsterinsights_sitenote_category":0},"product_brand":[],"product_cat":[1498],"product_tag":[],"brand":[],"target-group":[],"discontinued":[],"class_list":{"0":"post-348982","1":"product","2":"type-product","3":"status-publish","5":"product_cat-bruder-legetoej","7":"first","8":"instock","9":"taxable","10":"shipping-taxable","11":"product-type-simple"},"aioseo_notices":[],"_links":{"self":[{"href":"https:\/\/games.tactic.net\/da\/wp-json\/wp\/v2\/product\/348982","targetHints":{"allow":["GET"]}}],"collection":[{"href":"https:\/\/games.tactic.net\/da\/wp-json\/wp\/v2\/product"}],"about":[{"href":"https:\/\/games.tactic.net\/da\/wp-json\/wp\/v2\/types\/product"}],"wp:attachment":[{"href":"https:\/\/games.tactic.net\/da\/wp-json\/wp\/v2\/media?parent=348982"}],"wp:term":[{"taxonomy":"product_brand","embeddable":true,"href":"https:\/\/games.tactic.net\/da\/wp-json\/wp\/v2\/product_brand?post=348982"},{"taxonomy":"product_cat","embeddable":true,"href":"https:\/\/games.tactic.net\/da\/wp-json\/wp\/v2\/product_cat?post=348982"},{"taxonomy":"product_tag","embeddable":true,"href":"https:\/\/games.tactic.net\/da\/wp-json\/wp\/v2\/product_tag?post=348982"},{"taxonomy":"brand","embeddable":true,"href":"https:\/\/games.tactic.net\/da\/wp-json\/wp\/v2\/brand?post=348982"},{"taxonomy":"target-group","embeddable":true,"href":"https:\/\/games.tactic.net\/da\/wp-json\/wp\/v2\/target-group?post=348982"},{"taxonomy":"discontinued","embeddable":true,"href":"https:\/\/games.tactic.net\/da\/wp-json\/wp\/v2\/discontinued?post=348982"}],"curies":[{"name":"wp","href":"https:\/\/api.w.org\/{rel}","templated":true}]}}