{"id":348967,"date":"2022-01-21T13:56:54","date_gmt":"2022-01-21T11:56:54","guid":{"rendered":"https:\/\/games.tactic.net\/tuote\/roadster-with-1-road-bike-cyclist\/"},"modified":"2025-01-13T09:44:11","modified_gmt":"2025-01-13T07:44:11","slug":"roadster-with-1-road-bike-cyclist","status":"archive","type":"product","link":"https:\/\/games.tactic.net\/da\/tuote\/roadster-with-1-road-bike-cyclist\/","title":{"rendered":"Bruder Roadster with 1 road bike  cyclist toy"},"content":{"rendered":"<p>Cykling er meget popul\u00e6rt. Denne sport er en afslappende hobby for mange mennesker, der f\u00e5r dem til at glemme deres stressede hverdag ved at v\u00e6re ude i naturlige omgivelser. BRUDER rider ogs\u00e5 p\u00e5 cykelb\u00f8lgen. Den nye bworld-figur med avanceret cykelt\u00f8j holder sig i form p\u00e5 den nye BRUDER racercykel. BRUDER roadster repr\u00e6senterer smidighed og en sporty karakter. Det nyudviklede cykelstativ kan inds\u00e6ttes i bagruden, derved kan du trygt transportere to cykler. bworld-cyklisten med racercykel er en fremragende tilf\u00f8jelse til dette flotte s\u00e6t (varenr. 63110).<\/p>\n","protected":false},"excerpt":{"rendered":"<p>Bruder Roadster bil med 1 stk cykel &amp; cyklist figur.<\/p>\n","protected":false},"featured_media":0,"template":"","meta":{"content-type":"","_monsterinsights_skip_tracking":false,"_monsterinsights_sitenote_active":false,"_monsterinsights_sitenote_note":"","_monsterinsights_sitenote_category":0},"product_brand":[],"product_cat":[1498],"product_tag":[],"brand":[],"target-group":[],"discontinued":[],"class_list":{"0":"post-348967","1":"product","2":"type-product","3":"status-archive","5":"product_cat-bruder-legetoej","7":"first","8":"outofstock","9":"taxable","10":"shipping-taxable","11":"product-type-simple"},"aioseo_notices":[],"_links":{"self":[{"href":"https:\/\/games.tactic.net\/da\/wp-json\/wp\/v2\/product\/348967","targetHints":{"allow":["GET"]}}],"collection":[{"href":"https:\/\/games.tactic.net\/da\/wp-json\/wp\/v2\/product"}],"about":[{"href":"https:\/\/games.tactic.net\/da\/wp-json\/wp\/v2\/types\/product"}],"wp:attachment":[{"href":"https:\/\/games.tactic.net\/da\/wp-json\/wp\/v2\/media?parent=348967"}],"wp:term":[{"taxonomy":"product_brand","embeddable":true,"href":"https:\/\/games.tactic.net\/da\/wp-json\/wp\/v2\/product_brand?post=348967"},{"taxonomy":"product_cat","embeddable":true,"href":"https:\/\/games.tactic.net\/da\/wp-json\/wp\/v2\/product_cat?post=348967"},{"taxonomy":"product_tag","embeddable":true,"href":"https:\/\/games.tactic.net\/da\/wp-json\/wp\/v2\/product_tag?post=348967"},{"taxonomy":"brand","embeddable":true,"href":"https:\/\/games.tactic.net\/da\/wp-json\/wp\/v2\/brand?post=348967"},{"taxonomy":"target-group","embeddable":true,"href":"https:\/\/games.tactic.net\/da\/wp-json\/wp\/v2\/target-group?post=348967"},{"taxonomy":"discontinued","embeddable":true,"href":"https:\/\/games.tactic.net\/da\/wp-json\/wp\/v2\/discontinued?post=348967"}],"curies":[{"name":"wp","href":"https:\/\/api.w.org\/{rel}","templated":true}]}}