{"id":348952,"date":"2022-01-21T13:56:45","date_gmt":"2022-01-21T11:56:45","guid":{"rendered":"https:\/\/games.tactic.net\/tuote\/jeep-wrangler-rubicon-unlimited-with-1-mountain-bike-and-cyclist\/"},"modified":"2023-10-20T16:00:55","modified_gmt":"2023-10-20T13:00:55","slug":"jeep-wrangler-rubicon-unlimited-with-1-mountain-bike-and-cyclist","status":"publish","type":"product","link":"https:\/\/games.tactic.net\/da\/tuote\/jeep-wrangler-rubicon-unlimited-with-1-mountain-bike-and-cyclist\/","title":{"rendered":"Bruder Jeep Wrangler Rubicon with mountainbike and cyclist toy car"},"content":{"rendered":"<p>Cykling er meget popul\u00e6rt. Denne sport er en afslappende hobby for mange mennesker der hj\u00e6lper med at glemme deres stressede hverdag ved at v\u00e6re ude i naturlige omgivelser. BRUDER rider ogs\u00e5 p\u00e5 cykelb\u00f8lgen. Den nye bworld-figur med avanceret cykelt\u00f8j holder sig i form med den ogs\u00e5 nye BRUDER mountainbike. Jeep Wrangler Rubicon Unlimited som et \u00e6gte off-road-talent g\u00f8r det muligt at n\u00e5 de smukkeste mountainbikeruter. Ud over det todelte, aftagelige segmenttag \u00e5bnes motorhjelmen, bagd\u00f8ren og alle fire sided\u00f8re. Det siger sig selv, at k\u00f8ret\u00f8jet giver plads nok til fire BRUDER bworld-figurer. Alternativt kan bags\u00e6det fjernes for at skabe plads til tilbeh\u00f8r, der er kompatibelt med BRUDER standardstik i l\u00e6sseomr\u00e5det. Det ekstra tr\u00e6kled er beregnet til at lette styringen gennem taglugen, og hvis det ikke er n\u00f8dvendigt, kan det opbevares i k\u00f8ret\u00f8jets undervogn. Akslerne har typisk terr\u00e6ng\u00e5ende k\u00f8ret\u00f8jsoph\u00e6ng og slidbaned\u00e6k med kromhjul i tiltalende SUV-design. Mountainbiken kan bekvemt monteres p\u00e5 det medf\u00f8lgende cykelstativ, der er fastgjort til tr\u00e6kstangskoblingen. Den kvindelige bworld-cyklist med mountainbike (varenr. 63111) er den matchende forbedring til dette s\u00e6t.<\/p>\n","protected":false},"excerpt":{"rendered":"<p>Bruder Jeep Wrangler Rubicon bil med mountainbike og cyklist<\/p>\n","protected":false},"featured_media":0,"template":"","meta":{"content-type":"","_monsterinsights_skip_tracking":false,"_monsterinsights_sitenote_active":false,"_monsterinsights_sitenote_note":"","_monsterinsights_sitenote_category":0},"product_brand":[],"product_cat":[1498],"product_tag":[],"brand":[],"target-group":[],"discontinued":[],"class_list":{"0":"post-348952","1":"product","2":"type-product","3":"status-publish","5":"product_cat-bruder-legetoej","7":"first","8":"instock","9":"taxable","10":"shipping-taxable","11":"product-type-simple"},"aioseo_notices":[],"_links":{"self":[{"href":"https:\/\/games.tactic.net\/da\/wp-json\/wp\/v2\/product\/348952","targetHints":{"allow":["GET"]}}],"collection":[{"href":"https:\/\/games.tactic.net\/da\/wp-json\/wp\/v2\/product"}],"about":[{"href":"https:\/\/games.tactic.net\/da\/wp-json\/wp\/v2\/types\/product"}],"wp:attachment":[{"href":"https:\/\/games.tactic.net\/da\/wp-json\/wp\/v2\/media?parent=348952"}],"wp:term":[{"taxonomy":"product_brand","embeddable":true,"href":"https:\/\/games.tactic.net\/da\/wp-json\/wp\/v2\/product_brand?post=348952"},{"taxonomy":"product_cat","embeddable":true,"href":"https:\/\/games.tactic.net\/da\/wp-json\/wp\/v2\/product_cat?post=348952"},{"taxonomy":"product_tag","embeddable":true,"href":"https:\/\/games.tactic.net\/da\/wp-json\/wp\/v2\/product_tag?post=348952"},{"taxonomy":"brand","embeddable":true,"href":"https:\/\/games.tactic.net\/da\/wp-json\/wp\/v2\/brand?post=348952"},{"taxonomy":"target-group","embeddable":true,"href":"https:\/\/games.tactic.net\/da\/wp-json\/wp\/v2\/target-group?post=348952"},{"taxonomy":"discontinued","embeddable":true,"href":"https:\/\/games.tactic.net\/da\/wp-json\/wp\/v2\/discontinued?post=348952"}],"curies":[{"name":"wp","href":"https:\/\/api.w.org\/{rel}","templated":true}]}}