{"id":348937,"date":"2022-01-21T13:56:35","date_gmt":"2022-01-21T11:56:35","guid":{"rendered":"https:\/\/games.tactic.net\/tuote\/john-deere-harvester-1270-g-with-trunk\/"},"modified":"2023-10-20T16:06:36","modified_gmt":"2023-10-20T13:06:36","slug":"john-deere-harvester-1270-g-with-trunk","status":"publish","type":"product","link":"https:\/\/games.tactic.net\/da\/tuote\/john-deere-harvester-1270-g-with-trunk\/","title":{"rendered":"Bruder John Deere 1270 G Harvester with trunk toy"},"content":{"rendered":"<p>John Deere kan se tilbage p\u00e5 en lang tradition inden for skovbrug. Med udgangspunkt i denne tradition er serie G-h\u00f8stmaskiner gearet til maksimal produktivitet og tilg\u00e6ngelighed samt optimeret effektivitet. I denne sammenh\u00e6ng tilbyder den 8-hjulede variant af 1270 G maksimal stabilitet og klatreevne i udfordrende terr\u00e6n. Denne imponerende og meget detaljerede mejet\u00e6rsker er nu blevet tilf\u00f8jet til BRUDER skovbrugstema-verden. bworld-figurer f\u00e5r adgang til det roterende f\u00f8rerhus med flot cockpit via den \u00e5bne d\u00f8r. Chassiset med oscillerende aksler og slidbaned\u00e6k er s\u00e6rdeles velegnet til udfordrende anvendelser. Den detaljerede mejet\u00e6rskerenhed er blevet monteret p\u00e5 den bev\u00e6gelige kranbom. Den har bev\u00e6gelige gribere, transportruller og saveenhed. B\u00f8rn kan nu straks begynde realistisk at f\u00e6lde tr\u00e6, da der medf\u00f8lger en tr\u00e6stamme inklusive aftagelige r\u00f8dder. BRUDER tilbyder bworld-skovarbejderen (varenr. 60030) og MACK t\u00f8mmertransportvognen (varenr. 02824) som en perfekt tilf\u00f8jelse til dette fantastiske k\u00f8ret\u00f8j.<\/p>\n","protected":false},"excerpt":{"rendered":"<p>Bruder John Deere 1270 G Skovmaskine.<br \/>\nB\u00f8rn kan nu straks begynde realistisk at f\u00e6lde tr\u00e6, da der medf\u00f8lger en tr\u00e6stamme inklusive aftagelige r\u00f8dder.<\/p>\n","protected":false},"featured_media":0,"template":"","meta":{"content-type":"","_monsterinsights_skip_tracking":false,"_monsterinsights_sitenote_active":false,"_monsterinsights_sitenote_note":"","_monsterinsights_sitenote_category":0},"product_brand":[],"product_cat":[1498],"product_tag":[],"brand":[],"target-group":[],"discontinued":[],"class_list":{"0":"post-348937","1":"product","2":"type-product","3":"status-publish","5":"product_cat-bruder-legetoej","7":"first","8":"outofstock","9":"taxable","10":"shipping-taxable","11":"product-type-simple"},"aioseo_notices":[],"_links":{"self":[{"href":"https:\/\/games.tactic.net\/da\/wp-json\/wp\/v2\/product\/348937","targetHints":{"allow":["GET"]}}],"collection":[{"href":"https:\/\/games.tactic.net\/da\/wp-json\/wp\/v2\/product"}],"about":[{"href":"https:\/\/games.tactic.net\/da\/wp-json\/wp\/v2\/types\/product"}],"wp:attachment":[{"href":"https:\/\/games.tactic.net\/da\/wp-json\/wp\/v2\/media?parent=348937"}],"wp:term":[{"taxonomy":"product_brand","embeddable":true,"href":"https:\/\/games.tactic.net\/da\/wp-json\/wp\/v2\/product_brand?post=348937"},{"taxonomy":"product_cat","embeddable":true,"href":"https:\/\/games.tactic.net\/da\/wp-json\/wp\/v2\/product_cat?post=348937"},{"taxonomy":"product_tag","embeddable":true,"href":"https:\/\/games.tactic.net\/da\/wp-json\/wp\/v2\/product_tag?post=348937"},{"taxonomy":"brand","embeddable":true,"href":"https:\/\/games.tactic.net\/da\/wp-json\/wp\/v2\/brand?post=348937"},{"taxonomy":"target-group","embeddable":true,"href":"https:\/\/games.tactic.net\/da\/wp-json\/wp\/v2\/target-group?post=348937"},{"taxonomy":"discontinued","embeddable":true,"href":"https:\/\/games.tactic.net\/da\/wp-json\/wp\/v2\/discontinued?post=348937"}],"curies":[{"name":"wp","href":"https:\/\/api.w.org\/{rel}","templated":true}]}}