{"id":348922,"date":"2022-01-21T13:56:26","date_gmt":"2022-01-21T11:56:26","guid":{"rendered":"https:\/\/games.tactic.net\/tuote\/bworld-motorcycly-service-with-scrambler-ducati-full-throttle\/"},"modified":"2023-10-20T15:30:33","modified_gmt":"2023-10-20T12:30:33","slug":"bworld-motorcycly-service-with-scrambler-ducati-full-throttle","status":"publish","type":"product","link":"https:\/\/games.tactic.net\/da\/tuote\/bworld-motorcycly-service-with-scrambler-ducati-full-throttle\/","title":{"rendered":"Bruder bworld Motorcykelv\u00e6rksted Ducati Scrambler FT leget\u00f8j"},"content":{"rendered":"<p>bworld er BRUDERs legeverden, best\u00e5ende af figurer, dyr, tilbeh\u00f8r og tematiske s\u00e6t. Som chauff\u00f8r, rytter, sportsud\u00f8ver eller mekaniker giver bworld mange timers leg alene eller sammen med BRUDERs detaljerede k\u00f8ret\u00f8jer. De nye temas\u00e6t har trykte v\u00e6gge og fleksible f\u00f8dder, der skaber realistiske omgivelser. bworld motorcykelv\u00e6rkstedet er et paradis for mekanikere. Den detaljerede Ducati Scrambler Full Throttle st\u00e5r p\u00e5 en lift med beslag til service. Mekanikeren har v\u00e6rkt\u00f8jskasse og kan opbevare hjelm og handsker p\u00e5 hylderne, indtil pr\u00f8veturen kalder. Kan kombineres med andre bworld s\u00e6t. RAM Power Wagon med Ducati Desert Sled (02502) og Land Rover med trailer og Ducati Full Throttle (02589) passer perfekt til v\u00e6rkstedet.<\/p>\n","protected":false},"excerpt":{"rendered":"<p>Ducati Scrambler Full Throttle st\u00e5r p\u00e5 liften til service. Mekanikeren har en fuld v\u00e6rkt\u00f8jskasse og kan opbevare hjelm og handsker, indtil testturen starter.<\/p>\n","protected":false},"featured_media":0,"template":"","meta":{"content-type":"","_monsterinsights_skip_tracking":false,"_monsterinsights_sitenote_active":false,"_monsterinsights_sitenote_note":"","_monsterinsights_sitenote_category":0},"product_brand":[],"product_cat":[1498],"product_tag":[],"brand":[],"target-group":[],"discontinued":[],"class_list":{"0":"post-348922","1":"product","2":"type-product","3":"status-publish","5":"product_cat-bruder-legetoej","7":"first","8":"instock","9":"taxable","10":"shipping-taxable","11":"product-type-simple"},"aioseo_notices":[],"_links":{"self":[{"href":"https:\/\/games.tactic.net\/da\/wp-json\/wp\/v2\/product\/348922","targetHints":{"allow":["GET"]}}],"collection":[{"href":"https:\/\/games.tactic.net\/da\/wp-json\/wp\/v2\/product"}],"about":[{"href":"https:\/\/games.tactic.net\/da\/wp-json\/wp\/v2\/types\/product"}],"wp:attachment":[{"href":"https:\/\/games.tactic.net\/da\/wp-json\/wp\/v2\/media?parent=348922"}],"wp:term":[{"taxonomy":"product_brand","embeddable":true,"href":"https:\/\/games.tactic.net\/da\/wp-json\/wp\/v2\/product_brand?post=348922"},{"taxonomy":"product_cat","embeddable":true,"href":"https:\/\/games.tactic.net\/da\/wp-json\/wp\/v2\/product_cat?post=348922"},{"taxonomy":"product_tag","embeddable":true,"href":"https:\/\/games.tactic.net\/da\/wp-json\/wp\/v2\/product_tag?post=348922"},{"taxonomy":"brand","embeddable":true,"href":"https:\/\/games.tactic.net\/da\/wp-json\/wp\/v2\/brand?post=348922"},{"taxonomy":"target-group","embeddable":true,"href":"https:\/\/games.tactic.net\/da\/wp-json\/wp\/v2\/target-group?post=348922"},{"taxonomy":"discontinued","embeddable":true,"href":"https:\/\/games.tactic.net\/da\/wp-json\/wp\/v2\/discontinued?post=348922"}],"curies":[{"name":"wp","href":"https:\/\/api.w.org\/{rel}","templated":true}]}}