{"id":348907,"date":"2022-01-21T13:56:16","date_gmt":"2022-01-21T11:56:16","guid":{"rendered":"https:\/\/games.tactic.net\/tuote\/man-tgs-street-sweeper\/"},"modified":"2023-10-20T16:41:50","modified_gmt":"2023-10-20T13:41:50","slug":"man-tgs-street-sweeper","status":"publish","type":"product","link":"https:\/\/games.tactic.net\/da\/tuote\/man-tgs-street-sweeper\/","title":{"rendered":"Bruder MAN TGS Gadefejemaskine leget\u00f8j"},"content":{"rendered":"<p>Vejreng\u00f8ringshold er uundv\u00e6rlige i enhver kommune og en fast del af bybilledet. Intet andet k\u00f8ret\u00f8j kan sikre rene veje og fortove s\u00e5 effektivt. BRUDERs nye fejelastbil viser i detaljer, hvordan denne sp\u00e6ndende lastbil arbejder. MAN TGS er den perfekte partner: robust konstruktion, motorer op til 500 hk og h\u00f8j nyttelast. Fejeaggregatet har to roterende, justerbare b\u00f8rster, der ogs\u00e5 kan h\u00f8jdejusteres, s\u00e5 selv sv\u00e6rt tilg\u00e6ngelige omr\u00e5der n\u00e5s. Under k\u00f8ret\u00f8jet sidder en lang, drivende b\u00f8rste til overfladereng\u00f8ring. Bagp\u00e5 findes en fleksibel slange med sugr\u00f8r til st\u00f8rre m\u00e6ngder snavs. Affaldsbeholderen kan nemt vippes, og bagd\u00f8ren \u00e5bnes til t\u00f8mning \u2013 her ses ogs\u00e5 det imponerende sugesystem. Kan udbygges med lys- og lydmodul (nr. 02801\/02802). Kombin\u00e9r ideelt med bworld kommunalarbejder (nr. 62130) for endnu mere leg.<\/p>\n","protected":false},"excerpt":{"rendered":"<p>Vejreng\u00f8ringshold er uundv\u00e6rlige i enhver by. MAN TGS fejemaskine reng\u00f8r effektivt gader og fortove \u2013 robust design, st\u00e6rke motorer og h\u00f8j lasteevne g\u00f8r den til den perfekte partner.<\/p>\n","protected":false},"featured_media":0,"template":"","meta":{"content-type":"","_monsterinsights_skip_tracking":false,"_monsterinsights_sitenote_active":false,"_monsterinsights_sitenote_note":"","_monsterinsights_sitenote_category":0},"product_brand":[],"product_cat":[1498],"product_tag":[],"brand":[],"target-group":[],"discontinued":[],"class_list":{"0":"post-348907","1":"product","2":"type-product","3":"status-publish","5":"product_cat-bruder-legetoej","7":"first","8":"instock","9":"taxable","10":"shipping-taxable","11":"product-type-simple"},"aioseo_notices":[],"_links":{"self":[{"href":"https:\/\/games.tactic.net\/da\/wp-json\/wp\/v2\/product\/348907","targetHints":{"allow":["GET"]}}],"collection":[{"href":"https:\/\/games.tactic.net\/da\/wp-json\/wp\/v2\/product"}],"about":[{"href":"https:\/\/games.tactic.net\/da\/wp-json\/wp\/v2\/types\/product"}],"wp:attachment":[{"href":"https:\/\/games.tactic.net\/da\/wp-json\/wp\/v2\/media?parent=348907"}],"wp:term":[{"taxonomy":"product_brand","embeddable":true,"href":"https:\/\/games.tactic.net\/da\/wp-json\/wp\/v2\/product_brand?post=348907"},{"taxonomy":"product_cat","embeddable":true,"href":"https:\/\/games.tactic.net\/da\/wp-json\/wp\/v2\/product_cat?post=348907"},{"taxonomy":"product_tag","embeddable":true,"href":"https:\/\/games.tactic.net\/da\/wp-json\/wp\/v2\/product_tag?post=348907"},{"taxonomy":"brand","embeddable":true,"href":"https:\/\/games.tactic.net\/da\/wp-json\/wp\/v2\/brand?post=348907"},{"taxonomy":"target-group","embeddable":true,"href":"https:\/\/games.tactic.net\/da\/wp-json\/wp\/v2\/target-group?post=348907"},{"taxonomy":"discontinued","embeddable":true,"href":"https:\/\/games.tactic.net\/da\/wp-json\/wp\/v2\/discontinued?post=348907"}],"curies":[{"name":"wp","href":"https:\/\/api.w.org\/{rel}","templated":true}]}}