{"id":348892,"date":"2022-01-21T13:56:06","date_gmt":"2022-01-21T11:56:06","guid":{"rendered":"https:\/\/games.tactic.net\/tuote\/case-ih-optum-300-cvx-med-frontloader-og-bale-transport-trailer-with-8-round-bales\/"},"modified":"2023-10-20T15:32:27","modified_gmt":"2023-10-20T12:32:27","slug":"case-ih-optum-300-cvx-med-frontloader-og-bale-transport-trailer-with-8-round-bales","status":"publish","type":"product","link":"https:\/\/games.tactic.net\/da\/tuote\/case-ih-optum-300-cvx-med-frontloader-og-bale-transport-trailer-with-8-round-bales\/","title":{"rendered":"Bruder Case IH Optum 300 CVX with frontloader with bale transport trailer toy"},"content":{"rendered":"<p>Mest af alt er efter\u00e5ret det tidspunkt, hvor landm\u00e6ndene skal samle alle de ensilage- og halmballer spredt rundt i landskabet og bringe dem tilbage til stalden eller laden. BRUDER tilbyder en ny, fascinerende k\u00f8ret\u00f8jskombination til denne aktivitet. Optum-serien tilbyder kraftfulde, kompakte og ekstremt adr\u00e6tte traktorer med en enest\u00e5ende pr\u00e6stationsv\u00e6gt. Disse modeller mestrer enhver udfordring med maksimalt output, effektivitet samt p\u00e5lidelighed og imponerer med deres nye design. Med hensyn til design, funktionalitet og kvalitet er den nye BRUDER-model i m\u00e5lestoksforholdet 1:16  i tr\u00e5d med virksomhedens motto &#8220;ligesom den \u00e6gte vare&#8221;. F\u00f8rerhuset er fuldt glaseret og har d\u00f8re, der er lette at \u00e5bne. Den sammenklappelige motorhjelm giver adgang til den imponerende motor. Fremragende h\u00e5ndtering og k\u00f8rekomfort takket v\u00e6re den installerede oscillerende aksel samt ratforl\u00e6ngeren, der f\u00f8res ind gennem taget. En fuldt funktionel frontl\u00e6sser er blevet monteret p\u00e5 denne model. Den h\u00f8jdejusterbare bagkobling er kompatibel med alle trailere i Professional-serien. Der er nye aftagelige hjul. Det siger sig selv, at alle BRUDER landbrugsanh\u00e6ngere og udstyr er kompatible med denne traktor. BRUDER balletransport trailer er kendetegnet ved foldekantskinner og omfatter 8 rundballer. Derfor er denne trailer den perfekte partner til balletransport. Farmer-figurs\u00e6ttet (varenr. 62610) er en ideel tilf\u00f8jelse fra det rigelige bworld-sortiment for at \u00f8ge det allerede store potentiale for kvalitetslegetid.<\/p>\n","protected":false},"excerpt":{"rendered":"<p>Bruder Case IH Optum 300 CVX med frontl\u00e6sser og halmballe transport trailer<\/p>\n","protected":false},"featured_media":0,"template":"","meta":{"content-type":"","_monsterinsights_skip_tracking":false,"_monsterinsights_sitenote_active":false,"_monsterinsights_sitenote_note":"","_monsterinsights_sitenote_category":0},"product_brand":[],"product_cat":[1498],"product_tag":[],"brand":[],"target-group":[],"discontinued":[],"class_list":{"0":"post-348892","1":"product","2":"type-product","3":"status-publish","5":"product_cat-bruder-legetoej","7":"first","8":"instock","9":"taxable","10":"shipping-taxable","11":"product-type-simple"},"aioseo_notices":[],"_links":{"self":[{"href":"https:\/\/games.tactic.net\/da\/wp-json\/wp\/v2\/product\/348892","targetHints":{"allow":["GET"]}}],"collection":[{"href":"https:\/\/games.tactic.net\/da\/wp-json\/wp\/v2\/product"}],"about":[{"href":"https:\/\/games.tactic.net\/da\/wp-json\/wp\/v2\/types\/product"}],"wp:attachment":[{"href":"https:\/\/games.tactic.net\/da\/wp-json\/wp\/v2\/media?parent=348892"}],"wp:term":[{"taxonomy":"product_brand","embeddable":true,"href":"https:\/\/games.tactic.net\/da\/wp-json\/wp\/v2\/product_brand?post=348892"},{"taxonomy":"product_cat","embeddable":true,"href":"https:\/\/games.tactic.net\/da\/wp-json\/wp\/v2\/product_cat?post=348892"},{"taxonomy":"product_tag","embeddable":true,"href":"https:\/\/games.tactic.net\/da\/wp-json\/wp\/v2\/product_tag?post=348892"},{"taxonomy":"brand","embeddable":true,"href":"https:\/\/games.tactic.net\/da\/wp-json\/wp\/v2\/brand?post=348892"},{"taxonomy":"target-group","embeddable":true,"href":"https:\/\/games.tactic.net\/da\/wp-json\/wp\/v2\/target-group?post=348892"},{"taxonomy":"discontinued","embeddable":true,"href":"https:\/\/games.tactic.net\/da\/wp-json\/wp\/v2\/discontinued?post=348892"}],"curies":[{"name":"wp","href":"https:\/\/api.w.org\/{rel}","templated":true}]}}