{"id":348877,"date":"2022-01-21T13:55:57","date_gmt":"2022-01-21T11:55:57","guid":{"rendered":"https:\/\/games.tactic.net\/tuote\/bworld-car-service\/"},"modified":"2025-01-29T10:57:16","modified_gmt":"2025-01-29T08:57:16","slug":"bworld-car-service","status":"archive","type":"product","link":"https:\/\/games.tactic.net\/da\/tuote\/bworld-car-service\/","title":{"rendered":"Bruder bworld Car service toy"},"content":{"rendered":"<p>bworld er BRUDER&#8217;s leget\u00f8jsverden. Den best\u00e5r af bev\u00e6gelige figurer, dyr, tilbeh\u00f8r og senest ogs\u00e5 temas\u00e6t og er tildelt de velkendte BRUDER-kategorier. Hvad enten det er som chauff\u00f8r, rytter, vandsportsentusiast eller p\u00e5 hospitalsafdelingen eller motorcykelv\u00e6rkstedet, giver bworld-varer timevis af sjov  leg. Med de nye temas\u00e6t kan du dykke endnu dybere ned i Bruders verden. Trykte v\u00e6gelementer med justerbare f\u00f8dder, der er nemme at montere, danner nu plads til endnu mere virkelighed, n\u00e5r man leger og det nye reolsystem kan ogs\u00e5 interagere med elementerne. Det nye bworld autov\u00e6rksted er anl\u00f8bssted for en r\u00e6kke BRUDER-k\u00f8ret\u00f8jer med behov for service. Den medf\u00f8lgende mekaniker kan inspicere k\u00f8ret\u00f8jer p\u00e5 den helt h\u00f8jdejusterbare k\u00f8ret\u00f8jslift og efterf\u00f8lgende teste bremserne p\u00e5 det installerede testudstyr. Resultatet vises p\u00e5 sk\u00e6rmen med det samme. Mindre reparationer kan straks tages h\u00e5nd om ved hj\u00e6lp af det medf\u00f8lgende v\u00e6rkt\u00f8j, og d\u00e6ktrykket kontrolleres i et sidste trin. BRUDER roadster er inkluderet i dette fantastiske s\u00e6t. K\u00f8ret\u00f8jet er allerede reserveret til service. Reservehjul er ogs\u00e5 inkluderet, og takket v\u00e6re roadsterens nye hjulskiftesystem er dette ordnet p\u00e5 ingen tid.<\/p>\n","protected":false},"excerpt":{"rendered":"<p>Bruder bworld Autov\u00e6rksted<br \/>\nBil, mekaniker og reservedel med f\u00f8lger i dette s\u00e6t.<\/p>\n","protected":false},"featured_media":0,"template":"","meta":{"content-type":"","_monsterinsights_skip_tracking":false,"_monsterinsights_sitenote_active":false,"_monsterinsights_sitenote_note":"","_monsterinsights_sitenote_category":0},"product_brand":[],"product_cat":[1498],"product_tag":[],"brand":[],"target-group":[],"discontinued":[],"class_list":{"0":"post-348877","1":"product","2":"type-product","3":"status-archive","5":"product_cat-bruder-legetoej","7":"first","8":"outofstock","9":"taxable","10":"shipping-taxable","11":"product-type-simple"},"aioseo_notices":[],"_links":{"self":[{"href":"https:\/\/games.tactic.net\/da\/wp-json\/wp\/v2\/product\/348877","targetHints":{"allow":["GET"]}}],"collection":[{"href":"https:\/\/games.tactic.net\/da\/wp-json\/wp\/v2\/product"}],"about":[{"href":"https:\/\/games.tactic.net\/da\/wp-json\/wp\/v2\/types\/product"}],"wp:attachment":[{"href":"https:\/\/games.tactic.net\/da\/wp-json\/wp\/v2\/media?parent=348877"}],"wp:term":[{"taxonomy":"product_brand","embeddable":true,"href":"https:\/\/games.tactic.net\/da\/wp-json\/wp\/v2\/product_brand?post=348877"},{"taxonomy":"product_cat","embeddable":true,"href":"https:\/\/games.tactic.net\/da\/wp-json\/wp\/v2\/product_cat?post=348877"},{"taxonomy":"product_tag","embeddable":true,"href":"https:\/\/games.tactic.net\/da\/wp-json\/wp\/v2\/product_tag?post=348877"},{"taxonomy":"brand","embeddable":true,"href":"https:\/\/games.tactic.net\/da\/wp-json\/wp\/v2\/brand?post=348877"},{"taxonomy":"target-group","embeddable":true,"href":"https:\/\/games.tactic.net\/da\/wp-json\/wp\/v2\/target-group?post=348877"},{"taxonomy":"discontinued","embeddable":true,"href":"https:\/\/games.tactic.net\/da\/wp-json\/wp\/v2\/discontinued?post=348877"}],"curies":[{"name":"wp","href":"https:\/\/api.w.org\/{rel}","templated":true}]}}