{"id":348862,"date":"2022-01-21T13:55:48","date_gmt":"2022-01-21T11:55:48","guid":{"rendered":"https:\/\/games.tactic.net\/tuote\/caterpillar-skid-steer-loader\/"},"modified":"2023-10-20T15:39:14","modified_gmt":"2023-10-20T12:39:14","slug":"caterpillar-skid-steer-loader","status":"publish","type":"product","link":"https:\/\/games.tactic.net\/da\/tuote\/caterpillar-skid-steer-loader\/","title":{"rendered":"Bruder CAT Skid steer loader toy"},"content":{"rendered":"<p>CAT minil\u00e6sseren er den ideelle maskine til byggeri, landskabspleje, landbrug og andre applikationer takket v\u00e6re dens store alsidighed. Som i originalen har BRUDER-modellen af \u200b\u200bCAT minil\u00e6sseren en funktionel l\u00e6ssearm. Derudover kan den aftagelige vippeskovl udstyres med talrige tilbeh\u00f8r.<\/p>\n","protected":false},"excerpt":{"rendered":"<p>Bruder CAT Minil\u00e6sser<\/p>\n","protected":false},"featured_media":0,"template":"","meta":{"content-type":"","_monsterinsights_skip_tracking":false,"_monsterinsights_sitenote_active":false,"_monsterinsights_sitenote_note":"","_monsterinsights_sitenote_category":0},"product_brand":[],"product_cat":[1498],"product_tag":[],"brand":[],"target-group":[],"discontinued":[],"class_list":{"0":"post-348862","1":"product","2":"type-product","3":"status-publish","5":"product_cat-bruder-legetoej","7":"first","8":"outofstock","9":"taxable","10":"shipping-taxable","11":"product-type-simple"},"aioseo_notices":[],"_links":{"self":[{"href":"https:\/\/games.tactic.net\/da\/wp-json\/wp\/v2\/product\/348862","targetHints":{"allow":["GET"]}}],"collection":[{"href":"https:\/\/games.tactic.net\/da\/wp-json\/wp\/v2\/product"}],"about":[{"href":"https:\/\/games.tactic.net\/da\/wp-json\/wp\/v2\/types\/product"}],"wp:attachment":[{"href":"https:\/\/games.tactic.net\/da\/wp-json\/wp\/v2\/media?parent=348862"}],"wp:term":[{"taxonomy":"product_brand","embeddable":true,"href":"https:\/\/games.tactic.net\/da\/wp-json\/wp\/v2\/product_brand?post=348862"},{"taxonomy":"product_cat","embeddable":true,"href":"https:\/\/games.tactic.net\/da\/wp-json\/wp\/v2\/product_cat?post=348862"},{"taxonomy":"product_tag","embeddable":true,"href":"https:\/\/games.tactic.net\/da\/wp-json\/wp\/v2\/product_tag?post=348862"},{"taxonomy":"brand","embeddable":true,"href":"https:\/\/games.tactic.net\/da\/wp-json\/wp\/v2\/brand?post=348862"},{"taxonomy":"target-group","embeddable":true,"href":"https:\/\/games.tactic.net\/da\/wp-json\/wp\/v2\/target-group?post=348862"},{"taxonomy":"discontinued","embeddable":true,"href":"https:\/\/games.tactic.net\/da\/wp-json\/wp\/v2\/discontinued?post=348862"}],"curies":[{"name":"wp","href":"https:\/\/api.w.org\/{rel}","templated":true}]}}