{"id":348805,"date":"2022-01-21T13:55:34","date_gmt":"2022-01-21T11:55:34","guid":{"rendered":"https:\/\/games.tactic.net\/tuote\/new-holland-t7-315-with-frontloader\/"},"modified":"2023-10-20T16:52:40","modified_gmt":"2023-10-20T13:52:40","slug":"new-holland-t7-315-with-frontloader","status":"publish","type":"product","link":"https:\/\/games.tactic.net\/da\/tuote\/new-holland-t7-315-with-frontloader\/","title":{"rendered":"Bruder New Holland T7.315 traktor med frontl\u00e6sser leget\u00f8j"},"content":{"rendered":"<p>New Holland T7 Heavy Duty med 313 hk h\u00e5ndterer alt fra tr\u00e6k og jordbearbejdning til ballepresning og transport. BRUDERs 1:16-model har fuldt glaseret kabine med \u00e5bne d\u00f8re, \u00e5bnende motorhjelm, pendulaksel og styreforl\u00e6nger gennem taget. Denne version er udstyret med fuldt fungerende frontl\u00e6sser for ekstra leg. Tvillinghjul (nr. 03317) kan eftermonteres. H\u00f8jdejusterbart tr\u00e6k passer til alle Professional-trailere, og de aftagelige hjul giver endnu mere sjov. Workshop-figurs\u00e6t (nr. 62100) passer perfekt.<\/p>\n","protected":false},"excerpt":{"rendered":"<p>New Holland T7.315 med frontl\u00e6sser: 313 hk, st\u00e6rk nok til de h\u00e5rdeste opgaver. Justerbare funktioner for realistisk leg.<\/p>\n","protected":false},"featured_media":0,"template":"","meta":{"content-type":"","_monsterinsights_skip_tracking":false,"_monsterinsights_sitenote_active":false,"_monsterinsights_sitenote_note":"","_monsterinsights_sitenote_category":0},"product_brand":[],"product_cat":[1498],"product_tag":[],"brand":[],"target-group":[],"discontinued":[],"class_list":{"0":"post-348805","1":"product","2":"type-product","3":"status-publish","5":"product_cat-bruder-legetoej","7":"first","8":"instock","9":"taxable","10":"shipping-taxable","11":"product-type-simple"},"aioseo_notices":[],"_links":{"self":[{"href":"https:\/\/games.tactic.net\/da\/wp-json\/wp\/v2\/product\/348805","targetHints":{"allow":["GET"]}}],"collection":[{"href":"https:\/\/games.tactic.net\/da\/wp-json\/wp\/v2\/product"}],"about":[{"href":"https:\/\/games.tactic.net\/da\/wp-json\/wp\/v2\/types\/product"}],"wp:attachment":[{"href":"https:\/\/games.tactic.net\/da\/wp-json\/wp\/v2\/media?parent=348805"}],"wp:term":[{"taxonomy":"product_brand","embeddable":true,"href":"https:\/\/games.tactic.net\/da\/wp-json\/wp\/v2\/product_brand?post=348805"},{"taxonomy":"product_cat","embeddable":true,"href":"https:\/\/games.tactic.net\/da\/wp-json\/wp\/v2\/product_cat?post=348805"},{"taxonomy":"product_tag","embeddable":true,"href":"https:\/\/games.tactic.net\/da\/wp-json\/wp\/v2\/product_tag?post=348805"},{"taxonomy":"brand","embeddable":true,"href":"https:\/\/games.tactic.net\/da\/wp-json\/wp\/v2\/brand?post=348805"},{"taxonomy":"target-group","embeddable":true,"href":"https:\/\/games.tactic.net\/da\/wp-json\/wp\/v2\/target-group?post=348805"},{"taxonomy":"discontinued","embeddable":true,"href":"https:\/\/games.tactic.net\/da\/wp-json\/wp\/v2\/discontinued?post=348805"}],"curies":[{"name":"wp","href":"https:\/\/api.w.org\/{rel}","templated":true}]}}