{"id":348748,"date":"2022-01-21T13:55:18","date_gmt":"2022-01-21T11:55:18","guid":{"rendered":"https:\/\/games.tactic.net\/tuote\/claas-jaguar-980-field-chopper\/"},"modified":"2023-10-20T15:41:48","modified_gmt":"2023-10-20T12:41:48","slug":"claas-jaguar-980-field-chopper","status":"publish","type":"product","link":"https:\/\/games.tactic.net\/da\/tuote\/claas-jaguar-980-field-chopper\/","title":{"rendered":"Bruder Claas Jaguar 980 Field chopper toy"},"content":{"rendered":"<p>Jaguar 980 er den st\u00f8rste finsnitter i h\u00f8stmaskinespecialisten Claas&#8217; sortiment. Takket v\u00e6re den imponerende effekt fra en V12-dieselmotor, der genererer 884 HK samt nyudviklede driv- og h\u00f8stsystemer, kan denne maskine bruges overalt med behov for hurtigt og effektivt at h\u00f8ste store marker. Den meget detaljerede model i skala 1:16 er en ny tilf\u00f8jelse til BRUDERs landbrugssortiment. Finsnitterens imponerende majssk\u00e6rebord er udstyret med seks drevne indtr\u00e6kssl\u00e6der, og ensilagetuden kan drejes i alle retninger. D\u00f8r og motorhjelm \u00e5bner for at give et overblik over det detaljerede f\u00f8rerhus samt imponerende motor for endnu en gang at understrege Bruders mission: &#8220;ligesom den \u00e6gte vare&#8221;. De udskiftelige hjul repr\u00e6senterer et yderligere h\u00f8jdepunkt for yderligere at booste leget\u00f8jets v\u00e6rdi. Dette fantastiske k\u00f8ret\u00f8j kan forbedres med mekaniks\u00e6ttet (varenr. 62100).<\/p>\n","protected":false},"excerpt":{"rendered":"<p>Bruder Claas Jaguar 980 finsnitter<\/p>\n","protected":false},"featured_media":0,"template":"","meta":{"content-type":"","_monsterinsights_skip_tracking":false,"_monsterinsights_sitenote_active":false,"_monsterinsights_sitenote_note":"","_monsterinsights_sitenote_category":0},"product_brand":[],"product_cat":[1498],"product_tag":[],"brand":[],"target-group":[],"discontinued":[],"class_list":{"0":"post-348748","1":"product","2":"type-product","3":"status-publish","5":"product_cat-bruder-legetoej","7":"first","8":"instock","9":"taxable","10":"shipping-taxable","11":"product-type-simple"},"aioseo_notices":[],"_links":{"self":[{"href":"https:\/\/games.tactic.net\/da\/wp-json\/wp\/v2\/product\/348748","targetHints":{"allow":["GET"]}}],"collection":[{"href":"https:\/\/games.tactic.net\/da\/wp-json\/wp\/v2\/product"}],"about":[{"href":"https:\/\/games.tactic.net\/da\/wp-json\/wp\/v2\/types\/product"}],"wp:attachment":[{"href":"https:\/\/games.tactic.net\/da\/wp-json\/wp\/v2\/media?parent=348748"}],"wp:term":[{"taxonomy":"product_brand","embeddable":true,"href":"https:\/\/games.tactic.net\/da\/wp-json\/wp\/v2\/product_brand?post=348748"},{"taxonomy":"product_cat","embeddable":true,"href":"https:\/\/games.tactic.net\/da\/wp-json\/wp\/v2\/product_cat?post=348748"},{"taxonomy":"product_tag","embeddable":true,"href":"https:\/\/games.tactic.net\/da\/wp-json\/wp\/v2\/product_tag?post=348748"},{"taxonomy":"brand","embeddable":true,"href":"https:\/\/games.tactic.net\/da\/wp-json\/wp\/v2\/brand?post=348748"},{"taxonomy":"target-group","embeddable":true,"href":"https:\/\/games.tactic.net\/da\/wp-json\/wp\/v2\/target-group?post=348748"},{"taxonomy":"discontinued","embeddable":true,"href":"https:\/\/games.tactic.net\/da\/wp-json\/wp\/v2\/discontinued?post=348748"}],"curies":[{"name":"wp","href":"https:\/\/api.w.org\/{rel}","templated":true}]}}