{"id":348705,"date":"2022-01-21T13:55:06","date_gmt":"2022-01-21T11:55:06","guid":{"rendered":"https:\/\/games.tactic.net\/tuote\/john-deere-9620rx-with-track-belts\/"},"modified":"2023-10-20T16:04:32","modified_gmt":"2023-10-20T13:04:32","slug":"john-deere-9620rx-with-track-belts","status":"publish","type":"product","link":"https:\/\/games.tactic.net\/da\/tuote\/john-deere-9620rx-with-track-belts\/","title":{"rendered":"Bruder John Deere 9620 RX tractor with track belts toy"},"content":{"rendered":"<p>Som kravene til moderne landbrug stiger konstant, er det mere end vigtigt i dag at \u00f8ge din maskines ydeevne. 9620RX er John Deeres mest kraftfulde og st\u00f8rste b\u00e6lte-traktor. Takket v\u00e6re en motorudgang p\u00e5 op til 670 hk og dens fire b\u00e6lte-drev, der giver den imponerende tr\u00e6kkraft og samtidig den bedst mulige beskyttelse for jorden, er dette k\u00f8ret\u00f8j den perfekte partner, n\u00e5r der kr\u00e6ves tunge tr\u00e6kopgaver med redskaber s\u00e5som harve, plov og s\u00e5maskiner. Denne imponerende traktor med unikt fokus p\u00e5 detaljer er nu ogs\u00e5 tilg\u00e6ngelig i BRUDER-sortimentet i en skala p\u00e5 1:16. Lig den virkelige version har modellen ogs\u00e5 det nyudviklede b\u00e6lte-drev samt terr\u00e6ng\u00e5ende styret\u00f8j. F\u00f8rerhuset har en \u00e5bningsbar d\u00f8r, og den imponerende motorhjelm kan ogs\u00e5 foldes op for at vise den massive motor frem. Talrige redskaber fra BRUDERs landbrugssortiment er velegnede til tr\u00e6kkrogen med h\u00f8jdejusterbar l\u00f8fteanordning.<\/p>\n","protected":false},"excerpt":{"rendered":"<p>John Deere 9620RX, b\u00e6ltek\u00f8ret\u00f8j<\/p>\n","protected":false},"featured_media":0,"template":"","meta":{"content-type":"","_monsterinsights_skip_tracking":false,"_monsterinsights_sitenote_active":false,"_monsterinsights_sitenote_note":"","_monsterinsights_sitenote_category":0},"product_brand":[],"product_cat":[1498],"product_tag":[],"brand":[],"target-group":[],"discontinued":[],"class_list":{"0":"post-348705","1":"product","2":"type-product","3":"status-publish","5":"product_cat-bruder-legetoej","7":"first","8":"instock","9":"taxable","10":"shipping-taxable","11":"product-type-simple"},"aioseo_notices":[],"_links":{"self":[{"href":"https:\/\/games.tactic.net\/da\/wp-json\/wp\/v2\/product\/348705","targetHints":{"allow":["GET"]}}],"collection":[{"href":"https:\/\/games.tactic.net\/da\/wp-json\/wp\/v2\/product"}],"about":[{"href":"https:\/\/games.tactic.net\/da\/wp-json\/wp\/v2\/types\/product"}],"wp:attachment":[{"href":"https:\/\/games.tactic.net\/da\/wp-json\/wp\/v2\/media?parent=348705"}],"wp:term":[{"taxonomy":"product_brand","embeddable":true,"href":"https:\/\/games.tactic.net\/da\/wp-json\/wp\/v2\/product_brand?post=348705"},{"taxonomy":"product_cat","embeddable":true,"href":"https:\/\/games.tactic.net\/da\/wp-json\/wp\/v2\/product_cat?post=348705"},{"taxonomy":"product_tag","embeddable":true,"href":"https:\/\/games.tactic.net\/da\/wp-json\/wp\/v2\/product_tag?post=348705"},{"taxonomy":"brand","embeddable":true,"href":"https:\/\/games.tactic.net\/da\/wp-json\/wp\/v2\/brand?post=348705"},{"taxonomy":"target-group","embeddable":true,"href":"https:\/\/games.tactic.net\/da\/wp-json\/wp\/v2\/target-group?post=348705"},{"taxonomy":"discontinued","embeddable":true,"href":"https:\/\/games.tactic.net\/da\/wp-json\/wp\/v2\/discontinued?post=348705"}],"curies":[{"name":"wp","href":"https:\/\/api.w.org\/{rel}","templated":true}]}}