{"id":348592,"date":"2022-01-21T13:54:42","date_gmt":"2022-01-21T11:54:42","guid":{"rendered":"https:\/\/games.tactic.net\/tuote\/steyr-6300-terrus-cvt\/"},"modified":"2023-10-20T17:03:44","modified_gmt":"2023-10-20T14:03:44","slug":"steyr-6300-terrus-cvt","status":"publish","type":"product","link":"https:\/\/games.tactic.net\/da\/tuote\/steyr-6300-terrus-cvt\/","title":{"rendered":"Bruder Steyr 6300 Terrus CVT tractor toy"},"content":{"rendered":"<p>Steyr Terrus CVT med en effekt p\u00e5 300 HK er den nye topmodel fra den \u00f8strigske traktorproducent. Takket v\u00e6re dens ideelle ydelsesv\u00e6gt er denne traktor forudbestemt til hurtig transport og tunge opgaver i landbruget.  BRUDER-model i skala 1:16. F\u00f8rerhuset er fuldt glaseret og har d\u00f8re, der er lette at \u00e5bne. Den sammenklappelige motorhjelm giver adgang til den imponerende motor. Fremragende h\u00e5ndtering og k\u00f8rekomfort takket v\u00e6re den installerede oscillerende aksel samt ratforl\u00e6ngeren, der f\u00f8res ind gennem taget. Det er muligt at g\u00f8re denne model endnu sjovere ved at montere en slip-on frontl\u00e6sser (varenr. 03333) og dobbeltd\u00e6k (varenr. 03311). Disse 2 skal tilk\u00f8bes separat.<br \/>\nDen h\u00f8jdejusterbare bagkobling er kompatibel med alle trailere i Professional-serien. Der er  aftagelige hjul, hvilket giver anledning til god leg. Alle BRUDER landbrugsanh\u00e6ngere og udstyr er kompatible med denne traktor. Denne model er ogs\u00e5 kompatibel med dette ekstra produkt: lys- og lydmodul (varenr. 02802)<\/p>\n","protected":false},"excerpt":{"rendered":"<p>Bruder Steyr 6300 Terrus CVT traktor<\/p>\n","protected":false},"featured_media":0,"template":"","meta":{"content-type":"","_monsterinsights_skip_tracking":false,"_monsterinsights_sitenote_active":false,"_monsterinsights_sitenote_note":"","_monsterinsights_sitenote_category":0},"product_brand":[],"product_cat":[1498],"product_tag":[],"brand":[],"target-group":[],"discontinued":[],"class_list":{"0":"post-348592","1":"product","2":"type-product","3":"status-publish","5":"product_cat-bruder-legetoej","7":"first","8":"instock","9":"taxable","10":"shipping-taxable","11":"product-type-simple"},"aioseo_notices":[],"_links":{"self":[{"href":"https:\/\/games.tactic.net\/da\/wp-json\/wp\/v2\/product\/348592","targetHints":{"allow":["GET"]}}],"collection":[{"href":"https:\/\/games.tactic.net\/da\/wp-json\/wp\/v2\/product"}],"about":[{"href":"https:\/\/games.tactic.net\/da\/wp-json\/wp\/v2\/types\/product"}],"wp:attachment":[{"href":"https:\/\/games.tactic.net\/da\/wp-json\/wp\/v2\/media?parent=348592"}],"wp:term":[{"taxonomy":"product_brand","embeddable":true,"href":"https:\/\/games.tactic.net\/da\/wp-json\/wp\/v2\/product_brand?post=348592"},{"taxonomy":"product_cat","embeddable":true,"href":"https:\/\/games.tactic.net\/da\/wp-json\/wp\/v2\/product_cat?post=348592"},{"taxonomy":"product_tag","embeddable":true,"href":"https:\/\/games.tactic.net\/da\/wp-json\/wp\/v2\/product_tag?post=348592"},{"taxonomy":"brand","embeddable":true,"href":"https:\/\/games.tactic.net\/da\/wp-json\/wp\/v2\/brand?post=348592"},{"taxonomy":"target-group","embeddable":true,"href":"https:\/\/games.tactic.net\/da\/wp-json\/wp\/v2\/target-group?post=348592"},{"taxonomy":"discontinued","embeddable":true,"href":"https:\/\/games.tactic.net\/da\/wp-json\/wp\/v2\/discontinued?post=348592"}],"curies":[{"name":"wp","href":"https:\/\/api.w.org\/{rel}","templated":true}]}}