{"id":348435,"date":"2022-01-21T13:54:02","date_gmt":"2022-01-21T11:54:02","guid":{"rendered":"https:\/\/games.tactic.net\/tuote\/schaffer-compact-loader-2034\/"},"modified":"2023-10-20T17:01:40","modified_gmt":"2023-10-20T14:01:40","slug":"schaffer-compact-loader-2034","status":"publish","type":"product","link":"https:\/\/games.tactic.net\/da\/tuote\/schaffer-compact-loader-2034\/","title":{"rendered":"Bruder Sch\u00e4ffer Compact loader 2630 toy"},"content":{"rendered":"<p>K\u00f8ret\u00f8jet har funktionel leddelt styring og lastarmen samt skovlen betjenes ogs\u00e5 som i originalen. Massive anti-rullest\u00e6nger beskytter bworld-figuren, der passer godt ind i f\u00f8rers\u00e6det.<\/p>\n","protected":false},"excerpt":{"rendered":"<p>K\u00f8ret\u00f8jet har funktionel leddelt styring og lastarmen samt skovlen betjenes ogs\u00e5 som i originalen. Massive anti-rullest\u00e6nger beskytter bworld-figuren, der passer godt ind i f\u00f8rers\u00e6det.<\/p>\n","protected":false},"featured_media":0,"template":"","meta":{"content-type":"","_monsterinsights_skip_tracking":false,"_monsterinsights_sitenote_active":false,"_monsterinsights_sitenote_note":"","_monsterinsights_sitenote_category":0},"product_brand":[],"product_cat":[1498],"product_tag":[],"brand":[],"target-group":[],"discontinued":[],"class_list":{"0":"post-348435","1":"product","2":"type-product","3":"status-publish","5":"product_cat-bruder-legetoej","7":"first","8":"instock","9":"taxable","10":"shipping-taxable","11":"product-type-simple"},"aioseo_notices":[],"_links":{"self":[{"href":"https:\/\/games.tactic.net\/da\/wp-json\/wp\/v2\/product\/348435","targetHints":{"allow":["GET"]}}],"collection":[{"href":"https:\/\/games.tactic.net\/da\/wp-json\/wp\/v2\/product"}],"about":[{"href":"https:\/\/games.tactic.net\/da\/wp-json\/wp\/v2\/types\/product"}],"wp:attachment":[{"href":"https:\/\/games.tactic.net\/da\/wp-json\/wp\/v2\/media?parent=348435"}],"wp:term":[{"taxonomy":"product_brand","embeddable":true,"href":"https:\/\/games.tactic.net\/da\/wp-json\/wp\/v2\/product_brand?post=348435"},{"taxonomy":"product_cat","embeddable":true,"href":"https:\/\/games.tactic.net\/da\/wp-json\/wp\/v2\/product_cat?post=348435"},{"taxonomy":"product_tag","embeddable":true,"href":"https:\/\/games.tactic.net\/da\/wp-json\/wp\/v2\/product_tag?post=348435"},{"taxonomy":"brand","embeddable":true,"href":"https:\/\/games.tactic.net\/da\/wp-json\/wp\/v2\/brand?post=348435"},{"taxonomy":"target-group","embeddable":true,"href":"https:\/\/games.tactic.net\/da\/wp-json\/wp\/v2\/target-group?post=348435"},{"taxonomy":"discontinued","embeddable":true,"href":"https:\/\/games.tactic.net\/da\/wp-json\/wp\/v2\/discontinued?post=348435"}],"curies":[{"name":"wp","href":"https:\/\/api.w.org\/{rel}","templated":true}]}}