{"id":348348,"date":"2022-01-21T13:53:30","date_gmt":"2022-01-21T11:53:30","guid":{"rendered":"https:\/\/games.tactic.net\/tuote\/fendt-1050-vario\/"},"modified":"2023-10-20T15:46:50","modified_gmt":"2023-10-20T12:46:50","slug":"fendt-1050-vario","status":"publish","type":"product","link":"https:\/\/games.tactic.net\/da\/tuote\/fendt-1050-vario\/","title":{"rendered":"Bruder Fendt 1050 Vario traktor leget\u00f8j"},"content":{"rendered":"<p>Den nye Fendt 1050 Vario er flagskibet. Traktoren er stor, st\u00e6rk og unik \u2013 med fantastisk design, k\u00f8reegenskaber og tr\u00e6kkraft. BRUDERs f\u00f8rste model i 4000-serien s\u00e6tter nye standarder. Den har styret foraksel, h\u00f8jdejusterbart tr\u00e6k til Professional-serie trailere, nyt frontbeslag til redskaber og specialudviklede aksler med aftagelige hjul. Robust, realistisk og fyldt med detaljer.<\/p>\n","protected":false},"excerpt":{"rendered":"<p>Fendt 1050 Vario \u2013 flagskibet blandt traktorer. BRUDER modellen kombinerer detaljerigdom, robusthed og legesjov i topklasse.<\/p>\n","protected":false},"featured_media":0,"template":"","meta":{"content-type":"","_monsterinsights_skip_tracking":false,"_monsterinsights_sitenote_active":false,"_monsterinsights_sitenote_note":"","_monsterinsights_sitenote_category":0},"product_brand":[],"product_cat":[1498],"product_tag":[],"brand":[],"target-group":[],"discontinued":[],"class_list":{"0":"post-348348","1":"product","2":"type-product","3":"status-publish","5":"product_cat-bruder-legetoej","7":"first","8":"instock","9":"taxable","10":"shipping-taxable","11":"product-type-simple"},"aioseo_notices":[],"_links":{"self":[{"href":"https:\/\/games.tactic.net\/da\/wp-json\/wp\/v2\/product\/348348","targetHints":{"allow":["GET"]}}],"collection":[{"href":"https:\/\/games.tactic.net\/da\/wp-json\/wp\/v2\/product"}],"about":[{"href":"https:\/\/games.tactic.net\/da\/wp-json\/wp\/v2\/types\/product"}],"wp:attachment":[{"href":"https:\/\/games.tactic.net\/da\/wp-json\/wp\/v2\/media?parent=348348"}],"wp:term":[{"taxonomy":"product_brand","embeddable":true,"href":"https:\/\/games.tactic.net\/da\/wp-json\/wp\/v2\/product_brand?post=348348"},{"taxonomy":"product_cat","embeddable":true,"href":"https:\/\/games.tactic.net\/da\/wp-json\/wp\/v2\/product_cat?post=348348"},{"taxonomy":"product_tag","embeddable":true,"href":"https:\/\/games.tactic.net\/da\/wp-json\/wp\/v2\/product_tag?post=348348"},{"taxonomy":"brand","embeddable":true,"href":"https:\/\/games.tactic.net\/da\/wp-json\/wp\/v2\/brand?post=348348"},{"taxonomy":"target-group","embeddable":true,"href":"https:\/\/games.tactic.net\/da\/wp-json\/wp\/v2\/target-group?post=348348"},{"taxonomy":"discontinued","embeddable":true,"href":"https:\/\/games.tactic.net\/da\/wp-json\/wp\/v2\/discontinued?post=348348"}],"curies":[{"name":"wp","href":"https:\/\/api.w.org\/{rel}","templated":true}]}}