{"id":348305,"date":"2022-01-21T13:53:19","date_gmt":"2022-01-21T11:53:19","guid":{"rendered":"https:\/\/games.tactic.net\/tuote\/claas-axion-950-with-snow-chains-and-snowblower\/"},"modified":"2025-06-26T16:30:58","modified_gmt":"2025-06-26T13:30:58","slug":"claas-axion-950-with-snow-chains-and-snowblower","status":"archive","type":"product","link":"https:\/\/games.tactic.net\/da\/tuote\/claas-axion-950-with-snow-chains-and-snowblower\/","title":{"rendered":"Bruder Claas Axion 950 tractor with snow chains and snowblower toy"},"content":{"rendered":"<p>Forberedt til vinter! Den nyudviklede Axion 950 kan prale af omfattende innovationer inden for funktion, kontroller og output. I kombination med de nye BRUDER snek\u00e6der for det ekstra greb p\u00e5 is og sne og den installerede, h\u00f8jdejusterbare sneslynge bliver det en barneleg at rydde selv store m\u00e6ngder sne fra vejene. F\u00f8rerkabinen er fuldglasset, og d\u00f8re s\u00e5vel som motorhjelmen er \u00e5bne for at give den realistiske f\u00f8lelse, n\u00e5r du leger. Takket v\u00e6re ratforl\u00e6ngelsen er traktoren nem at styre udefra, og den justerbare fr\u00e6setromle inklusiv justerbar afkast betyder, at selv store m\u00e6ngder sne nemt kan h\u00e5ndteres. K\u00f8ret\u00f8jet er kompatibelt med alle trailere i Professional-serien takket v\u00e6re den justerbare bagkobling.<\/p>\n","protected":false},"excerpt":{"rendered":"<p>Bruder Claas Axion 950 tractor med snek\u00e6der og sneslynge.<\/p>\n","protected":false},"featured_media":0,"template":"","meta":{"content-type":"","_monsterinsights_skip_tracking":false,"_monsterinsights_sitenote_active":false,"_monsterinsights_sitenote_note":"","_monsterinsights_sitenote_category":0},"product_brand":[],"product_cat":[1498],"product_tag":[],"brand":[],"target-group":[],"discontinued":[],"class_list":{"0":"post-348305","1":"product","2":"type-product","3":"status-archive","5":"product_cat-bruder-legetoej","7":"first","8":"outofstock","9":"taxable","10":"shipping-taxable","11":"product-type-simple"},"aioseo_notices":[],"_links":{"self":[{"href":"https:\/\/games.tactic.net\/da\/wp-json\/wp\/v2\/product\/348305","targetHints":{"allow":["GET"]}}],"collection":[{"href":"https:\/\/games.tactic.net\/da\/wp-json\/wp\/v2\/product"}],"about":[{"href":"https:\/\/games.tactic.net\/da\/wp-json\/wp\/v2\/types\/product"}],"wp:attachment":[{"href":"https:\/\/games.tactic.net\/da\/wp-json\/wp\/v2\/media?parent=348305"}],"wp:term":[{"taxonomy":"product_brand","embeddable":true,"href":"https:\/\/games.tactic.net\/da\/wp-json\/wp\/v2\/product_brand?post=348305"},{"taxonomy":"product_cat","embeddable":true,"href":"https:\/\/games.tactic.net\/da\/wp-json\/wp\/v2\/product_cat?post=348305"},{"taxonomy":"product_tag","embeddable":true,"href":"https:\/\/games.tactic.net\/da\/wp-json\/wp\/v2\/product_tag?post=348305"},{"taxonomy":"brand","embeddable":true,"href":"https:\/\/games.tactic.net\/da\/wp-json\/wp\/v2\/brand?post=348305"},{"taxonomy":"target-group","embeddable":true,"href":"https:\/\/games.tactic.net\/da\/wp-json\/wp\/v2\/target-group?post=348305"},{"taxonomy":"discontinued","embeddable":true,"href":"https:\/\/games.tactic.net\/da\/wp-json\/wp\/v2\/discontinued?post=348305"}],"curies":[{"name":"wp","href":"https:\/\/api.w.org\/{rel}","templated":true}]}}