{"id":348262,"date":"2022-01-21T13:53:08","date_gmt":"2022-01-21T11:53:08","guid":{"rendered":"https:\/\/games.tactic.net\/tuote\/claas-axion-950\/"},"modified":"2023-10-20T15:39:39","modified_gmt":"2023-10-20T12:39:39","slug":"claas-axion-950","status":"publish","type":"product","link":"https:\/\/games.tactic.net\/da\/tuote\/claas-axion-950\/","title":{"rendered":"Bruder Claas Axion 950 tractor toy"},"content":{"rendered":"<p>Claas Axion 950 er den nyeste og innovative model fra denne traktorproducent. Denne topmodel er kendetegnet ved en lang akselafstand, overlegen v\u00e6gtfordeling og betjening s\u00e5 bekvem som aldrig f\u00f8r &#8211; denne model i en skala p\u00e5 1:16 klarer det hele. F\u00f8rerhuset  har d\u00f8re, der er lette at \u00e5bne. Den sammenklappelige motorhjelm giver udsigt til den imponerende motor. Fremragende h\u00e5ndtering og k\u00f8rekomfort takket v\u00e6re den installerede oscillerende aksel samt ratforl\u00e6ngeren, der f\u00f8res ind gennem taget. Forbedre modellen og monter en slip-on frontl\u00e6sser (varenr. 03333) og dobbeltd\u00e6k (varenr. 03312). Den h\u00f8jdejusterbare bagkobling er kompatibel med alle trailere i Professional-serien. K\u00f8ret\u00f8jet har aftagelige hjul.<\/p>\n","protected":false},"excerpt":{"rendered":"<p>Bruder Claas Axion 950 traktor<\/p>\n","protected":false},"featured_media":0,"template":"","meta":{"content-type":"","_monsterinsights_skip_tracking":false,"_monsterinsights_sitenote_active":false,"_monsterinsights_sitenote_note":"","_monsterinsights_sitenote_category":0},"product_brand":[],"product_cat":[1498],"product_tag":[],"brand":[],"target-group":[],"discontinued":[],"class_list":{"0":"post-348262","1":"product","2":"type-product","3":"status-publish","5":"product_cat-bruder-legetoej","7":"first","8":"instock","9":"taxable","10":"shipping-taxable","11":"product-type-simple"},"aioseo_notices":[],"_links":{"self":[{"href":"https:\/\/games.tactic.net\/da\/wp-json\/wp\/v2\/product\/348262","targetHints":{"allow":["GET"]}}],"collection":[{"href":"https:\/\/games.tactic.net\/da\/wp-json\/wp\/v2\/product"}],"about":[{"href":"https:\/\/games.tactic.net\/da\/wp-json\/wp\/v2\/types\/product"}],"wp:attachment":[{"href":"https:\/\/games.tactic.net\/da\/wp-json\/wp\/v2\/media?parent=348262"}],"wp:term":[{"taxonomy":"product_brand","embeddable":true,"href":"https:\/\/games.tactic.net\/da\/wp-json\/wp\/v2\/product_brand?post=348262"},{"taxonomy":"product_cat","embeddable":true,"href":"https:\/\/games.tactic.net\/da\/wp-json\/wp\/v2\/product_cat?post=348262"},{"taxonomy":"product_tag","embeddable":true,"href":"https:\/\/games.tactic.net\/da\/wp-json\/wp\/v2\/product_tag?post=348262"},{"taxonomy":"brand","embeddable":true,"href":"https:\/\/games.tactic.net\/da\/wp-json\/wp\/v2\/brand?post=348262"},{"taxonomy":"target-group","embeddable":true,"href":"https:\/\/games.tactic.net\/da\/wp-json\/wp\/v2\/target-group?post=348262"},{"taxonomy":"discontinued","embeddable":true,"href":"https:\/\/games.tactic.net\/da\/wp-json\/wp\/v2\/discontinued?post=348262"}],"curies":[{"name":"wp","href":"https:\/\/api.w.org\/{rel}","templated":true}]}}