{"id":348247,"date":"2022-01-21T13:52:59","date_gmt":"2022-01-21T11:52:59","guid":{"rendered":"https:\/\/games.tactic.net\/tuote\/accessories-snowblower\/"},"modified":"2025-03-19T14:01:07","modified_gmt":"2025-03-19T12:01:07","slug":"accessories-snowblower","status":"archive","type":"product","link":"https:\/\/games.tactic.net\/da\/tuote\/accessories-snowblower\/","title":{"rendered":"Bruder Snowblower accessories"},"content":{"rendered":"<p>I vintre med masser af sne er enhver slibeservice afh\u00e6ngig af effektiv teknologi. Den nye BRUDER sneslynge er &#8220;ligesom den \u00e6gte vare&#8221; og har en drevet, bev\u00e6gelig fr\u00e6setromle, der kan kombineres med traktorer i 2000-, 3000- og 4000-serien, lastbiler samt MB Unimog i Professional-serien takket v\u00e6re medf\u00f8lgende adapter. Som et resultat kan b\u00f8rn p\u00e5 realistisk vis genskabe snerydningsoperationer. Den bev\u00e6gelige fr\u00e6setromle drives af et friktionshjul. Snebl\u00e6serens udkast kan drejes 360 grader.<\/p>\n","protected":false},"excerpt":{"rendered":"<p>Bruder sneslynge tilbeh\u00f8r<\/p>\n","protected":false},"featured_media":0,"template":"","meta":{"content-type":"","_monsterinsights_skip_tracking":false,"_monsterinsights_sitenote_active":false,"_monsterinsights_sitenote_note":"","_monsterinsights_sitenote_category":0},"product_brand":[],"product_cat":[1498],"product_tag":[],"brand":[],"target-group":[],"discontinued":[],"class_list":{"0":"post-348247","1":"product","2":"type-product","3":"status-archive","5":"product_cat-bruder-legetoej","7":"first","8":"outofstock","9":"taxable","10":"shipping-taxable","11":"product-type-simple"},"aioseo_notices":[],"_links":{"self":[{"href":"https:\/\/games.tactic.net\/da\/wp-json\/wp\/v2\/product\/348247","targetHints":{"allow":["GET"]}}],"collection":[{"href":"https:\/\/games.tactic.net\/da\/wp-json\/wp\/v2\/product"}],"about":[{"href":"https:\/\/games.tactic.net\/da\/wp-json\/wp\/v2\/types\/product"}],"wp:attachment":[{"href":"https:\/\/games.tactic.net\/da\/wp-json\/wp\/v2\/media?parent=348247"}],"wp:term":[{"taxonomy":"product_brand","embeddable":true,"href":"https:\/\/games.tactic.net\/da\/wp-json\/wp\/v2\/product_brand?post=348247"},{"taxonomy":"product_cat","embeddable":true,"href":"https:\/\/games.tactic.net\/da\/wp-json\/wp\/v2\/product_cat?post=348247"},{"taxonomy":"product_tag","embeddable":true,"href":"https:\/\/games.tactic.net\/da\/wp-json\/wp\/v2\/product_tag?post=348247"},{"taxonomy":"brand","embeddable":true,"href":"https:\/\/games.tactic.net\/da\/wp-json\/wp\/v2\/brand?post=348247"},{"taxonomy":"target-group","embeddable":true,"href":"https:\/\/games.tactic.net\/da\/wp-json\/wp\/v2\/target-group?post=348247"},{"taxonomy":"discontinued","embeddable":true,"href":"https:\/\/games.tactic.net\/da\/wp-json\/wp\/v2\/discontinued?post=348247"}],"curies":[{"name":"wp","href":"https:\/\/api.w.org\/{rel}","templated":true}]}}