{"id":348218,"date":"2022-01-21T13:52:49","date_gmt":"2022-01-21T11:52:49","guid":{"rendered":"https:\/\/games.tactic.net\/tuote\/land-rover-defender-st-wagon-police-vehicle-with-policeman-and-accessories\/"},"modified":"2024-09-16T09:28:01","modified_gmt":"2024-09-16T06:28:01","slug":"land-rover-defender-st-wagon-police-vehicle-with-policeman-and-accessories","status":"archive","type":"product","link":"https:\/\/games.tactic.net\/da\/tuote\/land-rover-defender-st-wagon-police-vehicle-with-policeman-and-accessories\/","title":{"rendered":"Bruder Land Rover Defender Police vehicle with police officer toy"},"content":{"rendered":"<p>Ligesom i det rigtige liv, betyder en stigende m\u00e6ngde af BRUDER-k\u00f8ret\u00f8jstrafik, trafikovertr\u00e6delser er stigende. Af denne grund har bworld en politistyrke til at h\u00e5ndh\u00e6ve lov og orden. Forbl\u00f8ffende offroad-kvaliteter kombineret med tidl\u00f8st Land Rover-design g\u00f8r politiudgaven af \u200b\u200bBRUDER Defender Station Wagon til et imponerende og alsidigt udrykningsk\u00f8ret\u00f8j. Ud over den \u00e5bne bagd\u00f8r samt sided\u00f8re, \u00e5bnes motorhjelmen for at vise den detaljerede motorblok. Bags\u00e6det og tr\u00e6kstangskoblingen kan ogs\u00e5 afmonteres. Affjedring p\u00e5 begge aksler betyder, at der ikke er nogen terr\u00e6ngr\u00e6nser, n\u00e5r man genskaber vilde biljagter. Forakslen kan ogs\u00e5 styres ved hj\u00e6lp af den ekstra ratstamme, som er kendt fra BRUDER-traktorer, for at give dig en mere naturlig lege oplevelse. Politiudgaven af \u200b\u200bLand Rover-modellen har et nyudviklet lys- og lydmodul med fire funktionelle knapper (1. motorlyd, 2. politisirene, 3. brandv\u00e6senets sirene, 4. hyle signal). Bworld politibetjenten er fuldt udstyret til at forst\u00e6rke autoriteten. Taljeb\u00e6ltet har vigtige redskaber til det daglige politiarbejde, s\u00e5som lommelygte, radioenhed og kniple.<\/p>\n","protected":false},"excerpt":{"rendered":"<p>Bruder Land Rover Defender Politi k\u00f8ret\u00f8j med politimand<\/p>\n","protected":false},"featured_media":0,"template":"","meta":{"content-type":"","_monsterinsights_skip_tracking":false,"_monsterinsights_sitenote_active":false,"_monsterinsights_sitenote_note":"","_monsterinsights_sitenote_category":0},"product_brand":[],"product_cat":[1498],"product_tag":[],"brand":[],"target-group":[],"discontinued":[],"class_list":{"0":"post-348218","1":"product","2":"type-product","3":"status-archive","5":"product_cat-bruder-legetoej","7":"first","8":"outofstock","9":"taxable","10":"shipping-taxable","11":"product-type-simple"},"aioseo_notices":[],"_links":{"self":[{"href":"https:\/\/games.tactic.net\/da\/wp-json\/wp\/v2\/product\/348218","targetHints":{"allow":["GET"]}}],"collection":[{"href":"https:\/\/games.tactic.net\/da\/wp-json\/wp\/v2\/product"}],"about":[{"href":"https:\/\/games.tactic.net\/da\/wp-json\/wp\/v2\/types\/product"}],"wp:attachment":[{"href":"https:\/\/games.tactic.net\/da\/wp-json\/wp\/v2\/media?parent=348218"}],"wp:term":[{"taxonomy":"product_brand","embeddable":true,"href":"https:\/\/games.tactic.net\/da\/wp-json\/wp\/v2\/product_brand?post=348218"},{"taxonomy":"product_cat","embeddable":true,"href":"https:\/\/games.tactic.net\/da\/wp-json\/wp\/v2\/product_cat?post=348218"},{"taxonomy":"product_tag","embeddable":true,"href":"https:\/\/games.tactic.net\/da\/wp-json\/wp\/v2\/product_tag?post=348218"},{"taxonomy":"brand","embeddable":true,"href":"https:\/\/games.tactic.net\/da\/wp-json\/wp\/v2\/brand?post=348218"},{"taxonomy":"target-group","embeddable":true,"href":"https:\/\/games.tactic.net\/da\/wp-json\/wp\/v2\/target-group?post=348218"},{"taxonomy":"discontinued","embeddable":true,"href":"https:\/\/games.tactic.net\/da\/wp-json\/wp\/v2\/discontinued?post=348218"}],"curies":[{"name":"wp","href":"https:\/\/api.w.org\/{rel}","templated":true}]}}