{"id":348203,"date":"2022-01-21T13:52:40","date_gmt":"2022-01-21T11:52:40","guid":{"rendered":"https:\/\/games.tactic.net\/tuote\/land-rover-defender-st-wagon-fire-department-vehicle-with-fireman\/"},"modified":"2025-05-28T10:31:59","modified_gmt":"2025-05-28T07:31:59","slug":"land-rover-defender-st-wagon-fire-department-vehicle-with-fireman","status":"archive","type":"product","link":"https:\/\/games.tactic.net\/da\/tuote\/land-rover-defender-st-wagon-fire-department-vehicle-with-fireman\/","title":{"rendered":"Bruder Land Rover Defender Station Wagon fire department toy"},"content":{"rendered":"<p>Brandv\u00e6senet skal rykke hurtigt ud i tilf\u00e6lde af brand og sende brandbilen. Kommandovognen styrer h\u00e6ndelser og brandbiler med slukningsmidler, stiger og udstyr f\u00f8lger med. Den ansvarlige leder koordinerer indsatsen for at redde liv og bek\u00e6mpe brande fra kommandovognen. Land Rover Defender er n\u00e6sten ustoppelig p\u00e5 vej til en h\u00e6ndelse. Dens offroad-egenskaber er legendariske. Ligesom originalen har BRUDER-modellen off-road akselaffjedring. Ackermann styregeometri inklusiv en tr\u00e6kforbindelsesforl\u00e6ngelse gennem k\u00f8ret\u00f8jets tag g\u00f8r det muligt realistisk at efterligne h\u00e6ndelsesscenarier. I denne proces kan brandmandsfiguren (ansvarlig officer) udstyres med det medf\u00f8lgende tilbeh\u00f8r. Indfaldslysmodulet inklusive sirene p\u00e5 taget baner vejen til h\u00e6ndelsesstedet. Ud over tre forskellige sirenelyde kan modulet ogs\u00e5 udsende k\u00f8ret\u00f8jets motorlyd.<\/p>\n","protected":false},"excerpt":{"rendered":"<p>Bruder Land Rover Defender Station Wagon brandv\u00e6sen.<br \/>\nKommandovognen styrer h\u00e6ndelser og brandbiler med slukningsmidler, stiger og udstyr f\u00f8lger med. Den ansvarlige leder koordinerer indsatsen for at redde liv og bek\u00e6mpe brande fra kommandovognen. Land Rover Defender er n\u00e6sten ustoppelig p\u00e5 vej til en h\u00e6ndelse. Dens offroad-egenskaber er legendariske.<\/p>\n","protected":false},"featured_media":0,"template":"","meta":{"content-type":"","_monsterinsights_skip_tracking":false,"_monsterinsights_sitenote_active":false,"_monsterinsights_sitenote_note":"","_monsterinsights_sitenote_category":0},"product_brand":[],"product_cat":[1498],"product_tag":[],"brand":[],"target-group":[],"discontinued":[],"class_list":{"0":"post-348203","1":"product","2":"type-product","3":"status-archive","5":"product_cat-bruder-legetoej","7":"first","8":"outofstock","9":"taxable","10":"shipping-taxable","11":"product-type-simple"},"aioseo_notices":[],"_links":{"self":[{"href":"https:\/\/games.tactic.net\/da\/wp-json\/wp\/v2\/product\/348203","targetHints":{"allow":["GET"]}}],"collection":[{"href":"https:\/\/games.tactic.net\/da\/wp-json\/wp\/v2\/product"}],"about":[{"href":"https:\/\/games.tactic.net\/da\/wp-json\/wp\/v2\/types\/product"}],"wp:attachment":[{"href":"https:\/\/games.tactic.net\/da\/wp-json\/wp\/v2\/media?parent=348203"}],"wp:term":[{"taxonomy":"product_brand","embeddable":true,"href":"https:\/\/games.tactic.net\/da\/wp-json\/wp\/v2\/product_brand?post=348203"},{"taxonomy":"product_cat","embeddable":true,"href":"https:\/\/games.tactic.net\/da\/wp-json\/wp\/v2\/product_cat?post=348203"},{"taxonomy":"product_tag","embeddable":true,"href":"https:\/\/games.tactic.net\/da\/wp-json\/wp\/v2\/product_tag?post=348203"},{"taxonomy":"brand","embeddable":true,"href":"https:\/\/games.tactic.net\/da\/wp-json\/wp\/v2\/brand?post=348203"},{"taxonomy":"target-group","embeddable":true,"href":"https:\/\/games.tactic.net\/da\/wp-json\/wp\/v2\/target-group?post=348203"},{"taxonomy":"discontinued","embeddable":true,"href":"https:\/\/games.tactic.net\/da\/wp-json\/wp\/v2\/discontinued?post=348203"}],"curies":[{"name":"wp","href":"https:\/\/api.w.org\/{rel}","templated":true}]}}