{"id":348145,"date":"2022-01-21T13:52:18","date_gmt":"2022-01-21T11:52:18","guid":{"rendered":"https:\/\/games.tactic.net\/tuote\/cat-mini-excavator\/"},"modified":"2023-10-20T15:36:17","modified_gmt":"2023-10-20T12:36:17","slug":"cat-mini-excavator","status":"publish","type":"product","link":"https:\/\/games.tactic.net\/da\/tuote\/cat-mini-excavator\/","title":{"rendered":"Bruder CAT Mini excavator toy"},"content":{"rendered":"<p>Cat\u00ae minigraveren er ikke rigtig mini, men en rigtig k\u00e6mpe i sin kategori. Takket v\u00e6re dens kompakte dimensioner f\u00f8les den mest hjemme i trange rum. Gravemaskinearmen kan ogs\u00e5 drejes til siden for at g\u00f8re den uundv\u00e6rlig til landskabs- og havearbejde samt almindeligt byggearbejde, hvor k\u00f8ret\u00f8jet effektivt flytter sm\u00e5 m\u00e6ngder jord. Takket v\u00e6re sit belte-chassis kan den ogs\u00e5 klare udfordrende terr\u00e6n. Chassisbladet giver k\u00f8ret\u00f8jet mere stabilitet p\u00e5 l\u00f8st underlag, hvilket g\u00f8r det mere velegnet til simple nivelleringsaktiviteter. Ud over dens realistiske spillefunktioner kommer modellen med rigeligt tilbeh\u00f8r. Gravemaskinens skovl er aftagelig. Motorhjelmen bagtil \u00e5bnes og d\u00f8ren i f\u00f8rerhuset d\u00f8ren kan \u00e5bnes. Gravemaskinens krop roterer 360\u00b0 og skovlarmen yderligere 180\u00b0 \u2013 ligesom den \u00e6gte vare.<\/p>\n","protected":false},"excerpt":{"rendered":"<p>Bruder CAT Mini Gravemaskine<\/p>\n","protected":false},"featured_media":0,"template":"","meta":{"content-type":"","_monsterinsights_skip_tracking":false,"_monsterinsights_sitenote_active":false,"_monsterinsights_sitenote_note":"","_monsterinsights_sitenote_category":0},"product_brand":[],"product_cat":[1498],"product_tag":[],"brand":[],"target-group":[],"discontinued":[],"class_list":{"0":"post-348145","1":"product","2":"type-product","3":"status-publish","5":"product_cat-bruder-legetoej","7":"first","8":"instock","9":"taxable","10":"shipping-taxable","11":"product-type-simple"},"aioseo_notices":[],"_links":{"self":[{"href":"https:\/\/games.tactic.net\/da\/wp-json\/wp\/v2\/product\/348145","targetHints":{"allow":["GET"]}}],"collection":[{"href":"https:\/\/games.tactic.net\/da\/wp-json\/wp\/v2\/product"}],"about":[{"href":"https:\/\/games.tactic.net\/da\/wp-json\/wp\/v2\/types\/product"}],"wp:attachment":[{"href":"https:\/\/games.tactic.net\/da\/wp-json\/wp\/v2\/media?parent=348145"}],"wp:term":[{"taxonomy":"product_brand","embeddable":true,"href":"https:\/\/games.tactic.net\/da\/wp-json\/wp\/v2\/product_brand?post=348145"},{"taxonomy":"product_cat","embeddable":true,"href":"https:\/\/games.tactic.net\/da\/wp-json\/wp\/v2\/product_cat?post=348145"},{"taxonomy":"product_tag","embeddable":true,"href":"https:\/\/games.tactic.net\/da\/wp-json\/wp\/v2\/product_tag?post=348145"},{"taxonomy":"brand","embeddable":true,"href":"https:\/\/games.tactic.net\/da\/wp-json\/wp\/v2\/brand?post=348145"},{"taxonomy":"target-group","embeddable":true,"href":"https:\/\/games.tactic.net\/da\/wp-json\/wp\/v2\/target-group?post=348145"},{"taxonomy":"discontinued","embeddable":true,"href":"https:\/\/games.tactic.net\/da\/wp-json\/wp\/v2\/discontinued?post=348145"}],"curies":[{"name":"wp","href":"https:\/\/api.w.org\/{rel}","templated":true}]}}