{"id":348116,"date":"2022-01-21T13:52:07","date_gmt":"2022-01-21T11:52:07","guid":{"rendered":"https:\/\/games.tactic.net\/tuote\/snowmobil-with-driver-and-accessories\/"},"modified":"2023-10-11T10:34:37","modified_gmt":"2023-10-11T07:34:37","slug":"snowmobil-with-driver-and-accessories","status":"publish","type":"product","link":"https:\/\/games.tactic.net\/da\/tuote\/snowmobil-with-driver-and-accessories\/","title":{"rendered":"Bruder Snescooter med chauff\u00f8r og tilbeh\u00f8r leget\u00f8j"},"content":{"rendered":"<p>BRUDER snescooter forvandler en almindelig vinterdag til et eventyr! Ud i naturen og giv gas \u2013 den man\u00f8vredygtige snescooter klarer selv uj\u00e6vnt terr\u00e6n. S\u00e6ttet indeholder en f\u00f8rer med beskyttelsesudstyr. Der er plads til to BRUDER-figurer, s\u00e5 f\u00f8reren kan tage en ven med.<\/p>\n","protected":false},"excerpt":{"rendered":"<p>BRUDER snescooter g\u00f8r vinterdage til eventyr. Smidig og terr\u00e6ng\u00e5ende \u2013 inkl. f\u00f8rer med beskyttelsesudstyr.<\/p>\n","protected":false},"featured_media":0,"template":"","meta":{"content-type":"","_monsterinsights_skip_tracking":false,"_monsterinsights_sitenote_active":false,"_monsterinsights_sitenote_note":"","_monsterinsights_sitenote_category":0},"product_brand":[],"product_cat":[1498],"product_tag":[],"brand":[],"target-group":[],"discontinued":[],"class_list":{"0":"post-348116","1":"product","2":"type-product","3":"status-publish","5":"product_cat-bruder-legetoej","7":"first","8":"instock","9":"taxable","10":"shipping-taxable","11":"product-type-simple"},"aioseo_notices":[],"_links":{"self":[{"href":"https:\/\/games.tactic.net\/da\/wp-json\/wp\/v2\/product\/348116","targetHints":{"allow":["GET"]}}],"collection":[{"href":"https:\/\/games.tactic.net\/da\/wp-json\/wp\/v2\/product"}],"about":[{"href":"https:\/\/games.tactic.net\/da\/wp-json\/wp\/v2\/types\/product"}],"wp:attachment":[{"href":"https:\/\/games.tactic.net\/da\/wp-json\/wp\/v2\/media?parent=348116"}],"wp:term":[{"taxonomy":"product_brand","embeddable":true,"href":"https:\/\/games.tactic.net\/da\/wp-json\/wp\/v2\/product_brand?post=348116"},{"taxonomy":"product_cat","embeddable":true,"href":"https:\/\/games.tactic.net\/da\/wp-json\/wp\/v2\/product_cat?post=348116"},{"taxonomy":"product_tag","embeddable":true,"href":"https:\/\/games.tactic.net\/da\/wp-json\/wp\/v2\/product_tag?post=348116"},{"taxonomy":"brand","embeddable":true,"href":"https:\/\/games.tactic.net\/da\/wp-json\/wp\/v2\/brand?post=348116"},{"taxonomy":"target-group","embeddable":true,"href":"https:\/\/games.tactic.net\/da\/wp-json\/wp\/v2\/target-group?post=348116"},{"taxonomy":"discontinued","embeddable":true,"href":"https:\/\/games.tactic.net\/da\/wp-json\/wp\/v2\/discontinued?post=348116"}],"curies":[{"name":"wp","href":"https:\/\/api.w.org\/{rel}","templated":true}]}}