{"id":348059,"date":"2022-01-21T13:51:53","date_gmt":"2022-01-21T11:51:53","guid":{"rendered":"https:\/\/games.tactic.net\/tuote\/quad-with-driver\/"},"modified":"2023-10-20T16:54:46","modified_gmt":"2023-10-20T13:54:46","slug":"quad-with-driver","status":"publish","type":"product","link":"https:\/\/games.tactic.net\/da\/tuote\/quad-with-driver\/","title":{"rendered":"Bruder Quad med chauff\u00f8r leget\u00f8j"},"content":{"rendered":"<p>En quad kombinerer motorcyklens sjov med terr\u00e6nglad bils fleksibilitet \u2013 derfor bruges den i skovbrug, landbrug, p\u00e5 byggepladser og til fritid. BRUDERs quad har moderne, h\u00f8j kvalitet og g\u00f8r indtryk p\u00e5 og uden for vejen. Affjedring p\u00e5 begge aksler og stybar foraksel giver pr\u00e6cise man\u00f8vrer i sv\u00e6r terr\u00e6n. Aftageligt bagageb\u00e6rer, tr\u00e6kkrog og v\u00e6rktholdere g\u00f8r den ogs\u00e5 ideel som arbejds k\u00f8ret\u00f8j. Sammen med bworld-f\u00f8reren, hjelm og beskyttelsesvest f\u00e5r du \u00e6gte offroad-stemning. Stabil kofanger og gode d\u00e6k fuldender pakken.<\/p>\n","protected":false},"excerpt":{"rendered":"<p>BRUDER quad i moderne design: affjedring p\u00e5 begge aksler og styrbart forhjul \u2013 pr\u00e6cis man\u00f8vrering selv i uj\u00e6vnt terr\u00e6n.<\/p>\n","protected":false},"featured_media":0,"template":"","meta":{"content-type":"","_monsterinsights_skip_tracking":false,"_monsterinsights_sitenote_active":false,"_monsterinsights_sitenote_note":"","_monsterinsights_sitenote_category":0},"product_brand":[],"product_cat":[1498],"product_tag":[],"brand":[],"target-group":[],"discontinued":[],"class_list":{"0":"post-348059","1":"product","2":"type-product","3":"status-publish","5":"product_cat-bruder-legetoej","7":"first","8":"instock","9":"taxable","10":"shipping-taxable","11":"product-type-simple"},"aioseo_notices":[],"_links":{"self":[{"href":"https:\/\/games.tactic.net\/da\/wp-json\/wp\/v2\/product\/348059","targetHints":{"allow":["GET"]}}],"collection":[{"href":"https:\/\/games.tactic.net\/da\/wp-json\/wp\/v2\/product"}],"about":[{"href":"https:\/\/games.tactic.net\/da\/wp-json\/wp\/v2\/types\/product"}],"wp:attachment":[{"href":"https:\/\/games.tactic.net\/da\/wp-json\/wp\/v2\/media?parent=348059"}],"wp:term":[{"taxonomy":"product_brand","embeddable":true,"href":"https:\/\/games.tactic.net\/da\/wp-json\/wp\/v2\/product_brand?post=348059"},{"taxonomy":"product_cat","embeddable":true,"href":"https:\/\/games.tactic.net\/da\/wp-json\/wp\/v2\/product_cat?post=348059"},{"taxonomy":"product_tag","embeddable":true,"href":"https:\/\/games.tactic.net\/da\/wp-json\/wp\/v2\/product_tag?post=348059"},{"taxonomy":"brand","embeddable":true,"href":"https:\/\/games.tactic.net\/da\/wp-json\/wp\/v2\/brand?post=348059"},{"taxonomy":"target-group","embeddable":true,"href":"https:\/\/games.tactic.net\/da\/wp-json\/wp\/v2\/target-group?post=348059"},{"taxonomy":"discontinued","embeddable":true,"href":"https:\/\/games.tactic.net\/da\/wp-json\/wp\/v2\/discontinued?post=348059"}],"curies":[{"name":"wp","href":"https:\/\/api.w.org\/{rel}","templated":true}]}}