{"id":348030,"date":"2022-01-21T13:51:42","date_gmt":"2022-01-21T11:51:42","guid":{"rendered":"https:\/\/games.tactic.net\/tuote\/figure-set-forestry\/"},"modified":"2023-10-20T15:48:31","modified_gmt":"2023-10-20T12:48:31","slug":"figure-set-forestry","status":"publish","type":"product","link":"https:\/\/games.tactic.net\/da\/tuote\/figure-set-forestry\/","title":{"rendered":"Bruder bworld Forestry set toy"},"content":{"rendered":"<p>Alt hvad du beh\u00f8ver til skovbrug i et s\u00e6t: k\u00e6desav, br\u00e6ndekl\u00f8ver, \u00f8kse og h\u00e5ndsav. Figuren har beskyttelsesvest og hjelm med visir. Figuren kan ogs\u00e5 holde fast i v\u00e6rkt\u00f8j takket v\u00e6re sine gribeh\u00e6nder.<\/p>\n","protected":false},"excerpt":{"rendered":"<p>Alt hvad du beh\u00f8ver til skovbrug i et s\u00e6t: k\u00e6desav, br\u00e6ndekl\u00f8ver, \u00f8kse og h\u00e5ndsav. Figuren har beskyttelsesvest og hjelm med visir. Figuren kan ogs\u00e5 holde fast i v\u00e6rkt\u00f8j takket v\u00e6re sine gribeh\u00e6nder.<\/p>\n","protected":false},"featured_media":0,"template":"","meta":{"content-type":"","_monsterinsights_skip_tracking":false,"_monsterinsights_sitenote_active":false,"_monsterinsights_sitenote_note":"","_monsterinsights_sitenote_category":0},"product_brand":[],"product_cat":[1498],"product_tag":[],"brand":[],"target-group":[],"discontinued":[],"class_list":{"0":"post-348030","1":"product","2":"type-product","3":"status-publish","5":"product_cat-bruder-legetoej","7":"first","8":"instock","9":"taxable","10":"shipping-taxable","11":"product-type-simple"},"aioseo_notices":[],"_links":{"self":[{"href":"https:\/\/games.tactic.net\/da\/wp-json\/wp\/v2\/product\/348030","targetHints":{"allow":["GET"]}}],"collection":[{"href":"https:\/\/games.tactic.net\/da\/wp-json\/wp\/v2\/product"}],"about":[{"href":"https:\/\/games.tactic.net\/da\/wp-json\/wp\/v2\/types\/product"}],"wp:attachment":[{"href":"https:\/\/games.tactic.net\/da\/wp-json\/wp\/v2\/media?parent=348030"}],"wp:term":[{"taxonomy":"product_brand","embeddable":true,"href":"https:\/\/games.tactic.net\/da\/wp-json\/wp\/v2\/product_brand?post=348030"},{"taxonomy":"product_cat","embeddable":true,"href":"https:\/\/games.tactic.net\/da\/wp-json\/wp\/v2\/product_cat?post=348030"},{"taxonomy":"product_tag","embeddable":true,"href":"https:\/\/games.tactic.net\/da\/wp-json\/wp\/v2\/product_tag?post=348030"},{"taxonomy":"brand","embeddable":true,"href":"https:\/\/games.tactic.net\/da\/wp-json\/wp\/v2\/brand?post=348030"},{"taxonomy":"target-group","embeddable":true,"href":"https:\/\/games.tactic.net\/da\/wp-json\/wp\/v2\/target-group?post=348030"},{"taxonomy":"discontinued","embeddable":true,"href":"https:\/\/games.tactic.net\/da\/wp-json\/wp\/v2\/discontinued?post=348030"}],"curies":[{"name":"wp","href":"https:\/\/api.w.org\/{rel}","templated":true}]}}