{"id":348001,"date":"2022-01-21T13:51:31","date_gmt":"2022-01-21T11:51:31","guid":{"rendered":"https:\/\/games.tactic.net\/tuote\/jcb-micro-excavator-8010-cts\/"},"modified":"2023-10-20T15:55:29","modified_gmt":"2023-10-20T12:55:29","slug":"jcb-micro-excavator-8010-cts","status":"publish","type":"product","link":"https:\/\/games.tactic.net\/da\/tuote\/jcb-micro-excavator-8010-cts\/","title":{"rendered":"Bruder JCB Mikrogravemaskine 8010 CTS leget\u00f8j"},"content":{"rendered":"<p>Lille nok til at komme ind de mindste steder, st\u00e6rk nok til at udf\u00f8re ti mands arbejde! JCB 8010 CTS minigraver er imponerende. Den har fuldt funktionel gravarm, drejeligt chassis og bev\u00e6gelig plov. Med s\u00e6de, styringsh\u00e5ndtag og sikkerhedsb\u00f8jle passer den perfekt til bworld-figurer. De glatte larvef\u00f8dder g\u00f8r den meget man\u00f8vredygtig i leg.<\/p>\n","protected":false},"excerpt":{"rendered":"<p>JCB 8010 CTS minigraver: lille, men st\u00e6rk som ti m\u00e6nd. Fuldt funktionel arm, roterende undervogn og perfekt til bworld figurer.<\/p>\n","protected":false},"featured_media":0,"template":"","meta":{"content-type":"","_monsterinsights_skip_tracking":false,"_monsterinsights_sitenote_active":false,"_monsterinsights_sitenote_note":"","_monsterinsights_sitenote_category":0},"product_brand":[],"product_cat":[1498],"product_tag":[],"brand":[],"target-group":[],"discontinued":[],"class_list":{"0":"post-348001","1":"product","2":"type-product","3":"status-publish","5":"product_cat-bruder-legetoej","7":"first","8":"instock","9":"taxable","10":"shipping-taxable","11":"product-type-simple"},"aioseo_notices":[],"_links":{"self":[{"href":"https:\/\/games.tactic.net\/da\/wp-json\/wp\/v2\/product\/348001","targetHints":{"allow":["GET"]}}],"collection":[{"href":"https:\/\/games.tactic.net\/da\/wp-json\/wp\/v2\/product"}],"about":[{"href":"https:\/\/games.tactic.net\/da\/wp-json\/wp\/v2\/types\/product"}],"wp:attachment":[{"href":"https:\/\/games.tactic.net\/da\/wp-json\/wp\/v2\/media?parent=348001"}],"wp:term":[{"taxonomy":"product_brand","embeddable":true,"href":"https:\/\/games.tactic.net\/da\/wp-json\/wp\/v2\/product_brand?post=348001"},{"taxonomy":"product_cat","embeddable":true,"href":"https:\/\/games.tactic.net\/da\/wp-json\/wp\/v2\/product_cat?post=348001"},{"taxonomy":"product_tag","embeddable":true,"href":"https:\/\/games.tactic.net\/da\/wp-json\/wp\/v2\/product_tag?post=348001"},{"taxonomy":"brand","embeddable":true,"href":"https:\/\/games.tactic.net\/da\/wp-json\/wp\/v2\/brand?post=348001"},{"taxonomy":"target-group","embeddable":true,"href":"https:\/\/games.tactic.net\/da\/wp-json\/wp\/v2\/target-group?post=348001"},{"taxonomy":"discontinued","embeddable":true,"href":"https:\/\/games.tactic.net\/da\/wp-json\/wp\/v2\/discontinued?post=348001"}],"curies":[{"name":"wp","href":"https:\/\/api.w.org\/{rel}","templated":true}]}}