{"id":347972,"date":"2022-01-21T13:51:19","date_gmt":"2022-01-21T11:51:19","guid":{"rendered":"https:\/\/games.tactic.net\/tuote\/jcb-micro-excavator-8010-cts-and-construction-worker\/"},"modified":"2023-10-20T15:59:26","modified_gmt":"2023-10-20T12:59:26","slug":"jcb-micro-excavator-8010-cts-and-construction-worker","status":"publish","type":"product","link":"https:\/\/games.tactic.net\/da\/tuote\/jcb-micro-excavator-8010-cts-and-construction-worker\/","title":{"rendered":"Bruder JCB Micro excavator 8010 CTS and construction worker toy"},"content":{"rendered":"<p>Denne mikrogravemaskine er lille nok til at grave p\u00e5 de smalleste steder og st\u00e6rk nok til at udf\u00f8re arbejdet for ti mand. JBC mikrograver er udstyret med fuldt fungerende gravearm, roterende chassis og bev\u00e6gelig skovl. En bworld figur er ogs\u00e5 inkluderet.<\/p>\n","protected":false},"excerpt":{"rendered":"<p>Denne mikrogravemaskine er lille nok til at grave p\u00e5 de smalleste steder og st\u00e6rk nok til at udf\u00f8re arbejdet for ti mand. JBC mikrograver er udstyret med fuldt fungerende gravearm, roterende chassis og bev\u00e6gelig skovl. En bworld figur er ogs\u00e5 inkluderet.<\/p>\n","protected":false},"featured_media":0,"template":"","meta":{"content-type":"","_monsterinsights_skip_tracking":false,"_monsterinsights_sitenote_active":false,"_monsterinsights_sitenote_note":"","_monsterinsights_sitenote_category":0},"product_brand":[],"product_cat":[1498],"product_tag":[],"brand":[],"target-group":[],"discontinued":[],"class_list":{"0":"post-347972","1":"product","2":"type-product","3":"status-publish","5":"product_cat-bruder-legetoej","7":"first","8":"instock","9":"taxable","10":"shipping-taxable","11":"product-type-simple"},"aioseo_notices":[],"_links":{"self":[{"href":"https:\/\/games.tactic.net\/da\/wp-json\/wp\/v2\/product\/347972","targetHints":{"allow":["GET"]}}],"collection":[{"href":"https:\/\/games.tactic.net\/da\/wp-json\/wp\/v2\/product"}],"about":[{"href":"https:\/\/games.tactic.net\/da\/wp-json\/wp\/v2\/types\/product"}],"wp:attachment":[{"href":"https:\/\/games.tactic.net\/da\/wp-json\/wp\/v2\/media?parent=347972"}],"wp:term":[{"taxonomy":"product_brand","embeddable":true,"href":"https:\/\/games.tactic.net\/da\/wp-json\/wp\/v2\/product_brand?post=347972"},{"taxonomy":"product_cat","embeddable":true,"href":"https:\/\/games.tactic.net\/da\/wp-json\/wp\/v2\/product_cat?post=347972"},{"taxonomy":"product_tag","embeddable":true,"href":"https:\/\/games.tactic.net\/da\/wp-json\/wp\/v2\/product_tag?post=347972"},{"taxonomy":"brand","embeddable":true,"href":"https:\/\/games.tactic.net\/da\/wp-json\/wp\/v2\/brand?post=347972"},{"taxonomy":"target-group","embeddable":true,"href":"https:\/\/games.tactic.net\/da\/wp-json\/wp\/v2\/target-group?post=347972"},{"taxonomy":"discontinued","embeddable":true,"href":"https:\/\/games.tactic.net\/da\/wp-json\/wp\/v2\/discontinued?post=347972"}],"curies":[{"name":"wp","href":"https:\/\/api.w.org\/{rel}","templated":true}]}}