{"id":347943,"date":"2022-01-21T13:51:07","date_gmt":"2022-01-21T11:51:07","guid":{"rendered":"https:\/\/games.tactic.net\/tuote\/fireman-with-helmet-gloves-and-accessories\/"},"modified":"2023-10-11T09:48:10","modified_gmt":"2023-10-11T06:48:10","slug":"fireman-with-helmet-gloves-and-accessories","status":"publish","type":"product","link":"https:\/\/games.tactic.net\/da\/tuote\/fireman-with-helmet-gloves-and-accessories\/","title":{"rendered":"Bruder Brandmand med tilbeh\u00f8r leget\u00f8j"},"content":{"rendered":"<p>Brandmanden er klar til indsats med uniform, hjelm med visir og handsker. Han har altid en brandslukker ved h\u00e5nden til hurtigt brug. Hvis branden bliver for stor, kan han kalde forst\u00e6rkning via radioen. BRUDER tilbyder mange k\u00f8ret\u00f8jer og tilbeh\u00f8r til at genskabe realistiske brand\u00f8velser.<\/p>\n","protected":false},"excerpt":{"rendered":"<p>BRUDER brandmand med beskyttelsesudstyr og brandslukker er klar til indsats og kan kalde forst\u00e6rkning med radioen.<\/p>\n","protected":false},"featured_media":0,"template":"","meta":{"content-type":"","_monsterinsights_skip_tracking":false,"_monsterinsights_sitenote_active":false,"_monsterinsights_sitenote_note":"","_monsterinsights_sitenote_category":0},"product_brand":[],"product_cat":[1498],"product_tag":[],"brand":[],"target-group":[],"discontinued":[],"class_list":{"0":"post-347943","1":"product","2":"type-product","3":"status-publish","5":"product_cat-bruder-legetoej","7":"first","8":"instock","9":"taxable","10":"shipping-taxable","11":"product-type-simple"},"aioseo_notices":[],"_links":{"self":[{"href":"https:\/\/games.tactic.net\/da\/wp-json\/wp\/v2\/product\/347943","targetHints":{"allow":["GET"]}}],"collection":[{"href":"https:\/\/games.tactic.net\/da\/wp-json\/wp\/v2\/product"}],"about":[{"href":"https:\/\/games.tactic.net\/da\/wp-json\/wp\/v2\/types\/product"}],"wp:attachment":[{"href":"https:\/\/games.tactic.net\/da\/wp-json\/wp\/v2\/media?parent=347943"}],"wp:term":[{"taxonomy":"product_brand","embeddable":true,"href":"https:\/\/games.tactic.net\/da\/wp-json\/wp\/v2\/product_brand?post=347943"},{"taxonomy":"product_cat","embeddable":true,"href":"https:\/\/games.tactic.net\/da\/wp-json\/wp\/v2\/product_cat?post=347943"},{"taxonomy":"product_tag","embeddable":true,"href":"https:\/\/games.tactic.net\/da\/wp-json\/wp\/v2\/product_tag?post=347943"},{"taxonomy":"brand","embeddable":true,"href":"https:\/\/games.tactic.net\/da\/wp-json\/wp\/v2\/brand?post=347943"},{"taxonomy":"target-group","embeddable":true,"href":"https:\/\/games.tactic.net\/da\/wp-json\/wp\/v2\/target-group?post=347943"},{"taxonomy":"discontinued","embeddable":true,"href":"https:\/\/games.tactic.net\/da\/wp-json\/wp\/v2\/discontinued?post=347943"}],"curies":[{"name":"wp","href":"https:\/\/api.w.org\/{rel}","templated":true}]}}