{"id":347914,"date":"2022-01-21T13:50:56","date_gmt":"2022-01-21T11:50:56","guid":{"rendered":"https:\/\/games.tactic.net\/tuote\/construction-worker-with-accessories\/"},"modified":"2023-10-11T09:42:29","modified_gmt":"2023-10-11T06:42:29","slug":"construction-worker-with-accessories","status":"publish","type":"product","link":"https:\/\/games.tactic.net\/da\/tuote\/construction-worker-with-accessories\/","title":{"rendered":"Bruder Construction worker with accessories toy"},"content":{"rendered":"<p>BRUDERs produktlinje tilbyder et v\u00e6ld af produkter. Fra lastbiler til entrepren\u00f8rmaskiner, gravemaskiner, kraner og meget mere, som indeholder selv de mindste detaljer af originalerne. Som supplement til denne serie p\u00e5 en ideel m\u00e5de er leget\u00f8jsfigurer, som tilf\u00f8jer et element til leget\u00f8jslandskabet, der g\u00f8r legen i det endnu sjovere og mere realistisk, og opmuntrer b\u00f8rn til at deltage i rolleleg og n\u00e6rer deres kreativitet. Byggearbejderen med tilbeh\u00f8r er det ideelle supplement til ethvert byggek\u00f8ret\u00f8j, der er en del af produktlinjen. For en sikkerheds skyld inkluderede vi en sikkerhedshjelm og en arbejdsvest med reflekser. S\u00e6ttet indeholder ogs\u00e5 en hammer samt fem ekstra v\u00e6rkt\u00f8jer, der giver b\u00f8rnene mulighed for at deltage i et v\u00e6ld af legescenarier. Den synlige vest og sikkerhedshjelmen kan tages af.<\/p>\n","protected":false},"excerpt":{"rendered":"<p>Bruder konstruktions arbejdsmand med tilbeh\u00f8r.<\/p>\n","protected":false},"featured_media":0,"template":"","meta":{"content-type":"","_monsterinsights_skip_tracking":false,"_monsterinsights_sitenote_active":false,"_monsterinsights_sitenote_note":"","_monsterinsights_sitenote_category":0},"product_brand":[],"product_cat":[1498],"product_tag":[],"brand":[],"target-group":[],"discontinued":[],"class_list":{"0":"post-347914","1":"product","2":"type-product","3":"status-publish","5":"product_cat-bruder-legetoej","7":"first","8":"instock","9":"taxable","10":"shipping-taxable","11":"product-type-simple"},"aioseo_notices":[],"_links":{"self":[{"href":"https:\/\/games.tactic.net\/da\/wp-json\/wp\/v2\/product\/347914","targetHints":{"allow":["GET"]}}],"collection":[{"href":"https:\/\/games.tactic.net\/da\/wp-json\/wp\/v2\/product"}],"about":[{"href":"https:\/\/games.tactic.net\/da\/wp-json\/wp\/v2\/types\/product"}],"wp:attachment":[{"href":"https:\/\/games.tactic.net\/da\/wp-json\/wp\/v2\/media?parent=347914"}],"wp:term":[{"taxonomy":"product_brand","embeddable":true,"href":"https:\/\/games.tactic.net\/da\/wp-json\/wp\/v2\/product_brand?post=347914"},{"taxonomy":"product_cat","embeddable":true,"href":"https:\/\/games.tactic.net\/da\/wp-json\/wp\/v2\/product_cat?post=347914"},{"taxonomy":"product_tag","embeddable":true,"href":"https:\/\/games.tactic.net\/da\/wp-json\/wp\/v2\/product_tag?post=347914"},{"taxonomy":"brand","embeddable":true,"href":"https:\/\/games.tactic.net\/da\/wp-json\/wp\/v2\/brand?post=347914"},{"taxonomy":"target-group","embeddable":true,"href":"https:\/\/games.tactic.net\/da\/wp-json\/wp\/v2\/target-group?post=347914"},{"taxonomy":"discontinued","embeddable":true,"href":"https:\/\/games.tactic.net\/da\/wp-json\/wp\/v2\/discontinued?post=347914"}],"curies":[{"name":"wp","href":"https:\/\/api.w.org\/{rel}","templated":true}]}}