{"id":347840,"date":"2022-01-21T13:50:17","date_gmt":"2022-01-21T11:50:17","guid":{"rendered":"https:\/\/games.tactic.net\/tuote\/mb-arocs-construction-truck-w-crane-clamshell-buckets-2-pallets\/"},"modified":"2024-03-04T09:24:54","modified_gmt":"2024-03-04T07:24:54","slug":"mb-arocs-construction-truck-w-crane-clamshell-buckets-2-pallets","status":"archive","type":"product","link":"https:\/\/games.tactic.net\/da\/tuote\/mb-arocs-construction-truck-w-crane-clamshell-buckets-2-pallets\/","title":{"rendered":"Bruder MB Arocs Construction truck w. crane, clamshell buckets + 2 pallets"},"content":{"rendered":"<p>Lastbilen har tiplad med tre sider, der kan foldes ned. Bag f\u00f8rerhuset er der en teleskopkran, som kan rotere 360\u00b0, bev\u00e6ges frit og l\u00e5ses i enhver position. S\u00e6ttet inkluderer ogs\u00e5 en en l\u00f8ftegaffel til paller samt to paller og en grabkurv.<\/p>\n","protected":false},"excerpt":{"rendered":"<p>Lastbilen har tiplad med tre sider, der kan foldes ned. Bag f\u00f8rerhuset er der en teleskopkran, som kan rotere 360\u00b0, bev\u00e6ges frit og l\u00e5ses i enhver position. S\u00e6ttet inkluderer ogs\u00e5 en en l\u00f8ftegaffel til paller samt to paller og en grabkurv.<\/p>\n","protected":false},"featured_media":0,"template":"","meta":{"content-type":"","_monsterinsights_skip_tracking":false,"_monsterinsights_sitenote_active":false,"_monsterinsights_sitenote_note":"","_monsterinsights_sitenote_category":0},"product_brand":[],"product_cat":[1498],"product_tag":[],"brand":[],"target-group":[],"discontinued":[],"class_list":{"0":"post-347840","1":"product","2":"type-product","3":"status-archive","5":"product_cat-bruder-legetoej","7":"first","8":"outofstock","9":"taxable","10":"shipping-taxable","11":"product-type-simple"},"aioseo_notices":[],"_links":{"self":[{"href":"https:\/\/games.tactic.net\/da\/wp-json\/wp\/v2\/product\/347840","targetHints":{"allow":["GET"]}}],"collection":[{"href":"https:\/\/games.tactic.net\/da\/wp-json\/wp\/v2\/product"}],"about":[{"href":"https:\/\/games.tactic.net\/da\/wp-json\/wp\/v2\/types\/product"}],"wp:attachment":[{"href":"https:\/\/games.tactic.net\/da\/wp-json\/wp\/v2\/media?parent=347840"}],"wp:term":[{"taxonomy":"product_brand","embeddable":true,"href":"https:\/\/games.tactic.net\/da\/wp-json\/wp\/v2\/product_brand?post=347840"},{"taxonomy":"product_cat","embeddable":true,"href":"https:\/\/games.tactic.net\/da\/wp-json\/wp\/v2\/product_cat?post=347840"},{"taxonomy":"product_tag","embeddable":true,"href":"https:\/\/games.tactic.net\/da\/wp-json\/wp\/v2\/product_tag?post=347840"},{"taxonomy":"brand","embeddable":true,"href":"https:\/\/games.tactic.net\/da\/wp-json\/wp\/v2\/brand?post=347840"},{"taxonomy":"target-group","embeddable":true,"href":"https:\/\/games.tactic.net\/da\/wp-json\/wp\/v2\/target-group?post=347840"},{"taxonomy":"discontinued","embeddable":true,"href":"https:\/\/games.tactic.net\/da\/wp-json\/wp\/v2\/discontinued?post=347840"}],"curies":[{"name":"wp","href":"https:\/\/api.w.org\/{rel}","templated":true}]}}