{"id":347797,"date":"2022-01-21T13:50:04","date_gmt":"2022-01-21T11:50:04","guid":{"rendered":"https:\/\/games.tactic.net\/tuote\/mb-arocs-halfpipe-dump-truck\/"},"modified":"2024-08-19T11:23:37","modified_gmt":"2024-08-19T08:23:37","slug":"mb-arocs-halfpipe-dump-truck","status":"archive","type":"product","link":"https:\/\/games.tactic.net\/da\/tuote\/mb-arocs-halfpipe-dump-truck\/","title":{"rendered":"Bruder Mercedez-Benz Arocs Halfpipe dump truck toy"},"content":{"rendered":"<p>Containerens specielle halvcylinderform sikrer, at fragten centreres, hvilket er en stor fordel ved k\u00f8rsel, og hvilket g\u00f8r losningen nemmere. Tippeladets udskydelige cylinder og bagklappen kan l\u00e5ses i forskellige trin, s\u00e5 legen bliver endnu sjovere.<\/p>\n","protected":false},"excerpt":{"rendered":"<p>Containerens specielle halvcylinderform sikrer, at fragten centreres, hvilket er en stor fordel ved k\u00f8rsel, og hvilket g\u00f8r losningen nemmere. Tippeladets udskydelige cylinder og bagklappen kan l\u00e5ses i forskellige trin, s\u00e5 legen bliver endnu sjovere.<\/p>\n","protected":false},"featured_media":0,"template":"","meta":{"content-type":"","_monsterinsights_skip_tracking":false,"_monsterinsights_sitenote_active":false,"_monsterinsights_sitenote_note":"","_monsterinsights_sitenote_category":0},"product_brand":[],"product_cat":[1498,2088],"product_tag":[],"brand":[],"target-group":[],"discontinued":[],"class_list":{"0":"post-347797","1":"product","2":"type-product","3":"status-archive","5":"product_cat-bruder-legetoej","6":"product_cat-outlet-4","8":"first","9":"outofstock","10":"sale","11":"taxable","12":"shipping-taxable","13":"product-type-simple"},"aioseo_notices":[],"_links":{"self":[{"href":"https:\/\/games.tactic.net\/da\/wp-json\/wp\/v2\/product\/347797","targetHints":{"allow":["GET"]}}],"collection":[{"href":"https:\/\/games.tactic.net\/da\/wp-json\/wp\/v2\/product"}],"about":[{"href":"https:\/\/games.tactic.net\/da\/wp-json\/wp\/v2\/types\/product"}],"wp:attachment":[{"href":"https:\/\/games.tactic.net\/da\/wp-json\/wp\/v2\/media?parent=347797"}],"wp:term":[{"taxonomy":"product_brand","embeddable":true,"href":"https:\/\/games.tactic.net\/da\/wp-json\/wp\/v2\/product_brand?post=347797"},{"taxonomy":"product_cat","embeddable":true,"href":"https:\/\/games.tactic.net\/da\/wp-json\/wp\/v2\/product_cat?post=347797"},{"taxonomy":"product_tag","embeddable":true,"href":"https:\/\/games.tactic.net\/da\/wp-json\/wp\/v2\/product_tag?post=347797"},{"taxonomy":"brand","embeddable":true,"href":"https:\/\/games.tactic.net\/da\/wp-json\/wp\/v2\/brand?post=347797"},{"taxonomy":"target-group","embeddable":true,"href":"https:\/\/games.tactic.net\/da\/wp-json\/wp\/v2\/target-group?post=347797"},{"taxonomy":"discontinued","embeddable":true,"href":"https:\/\/games.tactic.net\/da\/wp-json\/wp\/v2\/discontinued?post=347797"}],"curies":[{"name":"wp","href":"https:\/\/api.w.org\/{rel}","templated":true}]}}