{"id":347768,"date":"2022-01-21T13:49:53","date_gmt":"2022-01-21T11:49:53","guid":{"rendered":"https:\/\/games.tactic.net\/tuote\/scania-r-series-fire-engine-slewing-ladder-waterpump-ls-module\/"},"modified":"2024-10-28T09:32:49","modified_gmt":"2024-10-28T07:32:49","slug":"scania-r-series-fire-engine-slewing-ladder-waterpump-ls-module","status":"archive","type":"product","link":"https:\/\/games.tactic.net\/da\/tuote\/scania-r-series-fire-engine-slewing-ladder-waterpump-ls-module\/","title":{"rendered":"Bruder Scania R-Series Fire engine, slewing ladder, waterpump toy"},"content":{"rendered":"<p>Brandbilen fra Scania R-serien har stige og integreret vandtank, der er nem at fylde. Vandslangen kan rulles sammen eller fastg\u00f8res til mandskabskurven. Den har fuldt fungerende dyse. Den drejelige stige med redningskurv kan betjenes med et h\u00e5ndhjul og justeres i h\u00f8jden. Lys- og lydmodul er inkluderet, hvilket g\u00f8r denne brandbil fuld af action.<\/p>\n","protected":false},"excerpt":{"rendered":"<p>Brandbilen fra Scania R-serien har stige og integreret vandtank, der er nem at fylde. Vandslangen kan rulles sammen eller fastg\u00f8res til mandskabskurven. Den har fuldt fungerende dyse. Den drejelige stige med redningskurv kan betjenes med et h\u00e5ndhjul og justeres i h\u00f8jden. Lys- og lydmodul er inkluderet, hvilket g\u00f8r denne brandbil fuld af action.<\/p>\n","protected":false},"featured_media":0,"template":"","meta":{"content-type":"","_monsterinsights_skip_tracking":false,"_monsterinsights_sitenote_active":false,"_monsterinsights_sitenote_note":"","_monsterinsights_sitenote_category":0},"product_brand":[],"product_cat":[1498],"product_tag":[],"brand":[],"target-group":[],"discontinued":[],"class_list":{"0":"post-347768","1":"product","2":"type-product","3":"status-archive","5":"product_cat-bruder-legetoej","7":"first","8":"outofstock","9":"taxable","10":"shipping-taxable","11":"product-type-simple"},"aioseo_notices":[],"_links":{"self":[{"href":"https:\/\/games.tactic.net\/da\/wp-json\/wp\/v2\/product\/347768","targetHints":{"allow":["GET"]}}],"collection":[{"href":"https:\/\/games.tactic.net\/da\/wp-json\/wp\/v2\/product"}],"about":[{"href":"https:\/\/games.tactic.net\/da\/wp-json\/wp\/v2\/types\/product"}],"wp:attachment":[{"href":"https:\/\/games.tactic.net\/da\/wp-json\/wp\/v2\/media?parent=347768"}],"wp:term":[{"taxonomy":"product_brand","embeddable":true,"href":"https:\/\/games.tactic.net\/da\/wp-json\/wp\/v2\/product_brand?post=347768"},{"taxonomy":"product_cat","embeddable":true,"href":"https:\/\/games.tactic.net\/da\/wp-json\/wp\/v2\/product_cat?post=347768"},{"taxonomy":"product_tag","embeddable":true,"href":"https:\/\/games.tactic.net\/da\/wp-json\/wp\/v2\/product_tag?post=347768"},{"taxonomy":"brand","embeddable":true,"href":"https:\/\/games.tactic.net\/da\/wp-json\/wp\/v2\/brand?post=347768"},{"taxonomy":"target-group","embeddable":true,"href":"https:\/\/games.tactic.net\/da\/wp-json\/wp\/v2\/target-group?post=347768"},{"taxonomy":"discontinued","embeddable":true,"href":"https:\/\/games.tactic.net\/da\/wp-json\/wp\/v2\/discontinued?post=347768"}],"curies":[{"name":"wp","href":"https:\/\/api.w.org\/{rel}","templated":true}]}}