{"id":347739,"date":"2022-01-21T13:49:43","date_gmt":"2022-01-21T11:49:43","guid":{"rendered":"https:\/\/games.tactic.net\/tuote\/scania-r-series-liebherr-crane-truck-and-light-sound-module\/"},"modified":"2024-11-08T11:16:31","modified_gmt":"2024-11-08T09:16:31","slug":"scania-r-series-liebherr-crane-truck-and-light-sound-module","status":"archive","type":"product","link":"https:\/\/games.tactic.net\/da\/tuote\/scania-r-series-liebherr-crane-truck-and-light-sound-module\/","title":{"rendered":"Bruder Scania R-Series Liebherr crane truck with LS toy"},"content":{"rendered":"<p>Den imponerende Liebherr kranbil er hele 1,3 m h\u00f8j, n\u00e5r den er fuldt forl\u00e6nget med en ekstra bom. De drejelige og justerbare st\u00f8tteben p\u00e5 platformen giver ekstra stabilitet. Den installerede modv\u00e6gt kan fyldes med sand. Et kabelspil med overlastningsbeskyttelse g\u00f8r det nemt at gribe med krogen. Forruden i f\u00f8rerhuset har beskyttelsesramme og en \u00e5bningsbar skyded\u00f8r. En integreret holder til v\u00e6rkt\u00f8j kompletterer kranbilens mange funktioner. Scania R-series f\u00f8rerhus har en forrude af brudsikker polycarbonat, og kranbilen leveres med lys- og lydmodul.<\/p>\n","protected":false},"excerpt":{"rendered":"<p>Den imponerende Liebherr kranbil er hele 1,3 m h\u00f8j, n\u00e5r den er fuldt forl\u00e6nget med en ekstra bom. De drejelige og justerbare st\u00f8tteben p\u00e5 platformen giver ekstra stabilitet. Den installerede modv\u00e6gt kan fyldes med sand. Et kabelspil med overlastningsbeskyttelse g\u00f8r det nemt at gribe med krogen. Forruden i f\u00f8rerhuset har beskyttelsesramme og en \u00e5bningsbar skyded\u00f8r. En integreret holder til v\u00e6rkt\u00f8j kompletterer kranbilens mange funktioner. Scania R-series f\u00f8rerhus har en forrude af brudsikker polycarbonat, og kranbilen leveres med lys- og lydmodul.<\/p>\n","protected":false},"featured_media":0,"template":"","meta":{"content-type":"","_monsterinsights_skip_tracking":false,"_monsterinsights_sitenote_active":false,"_monsterinsights_sitenote_note":"","_monsterinsights_sitenote_category":0},"product_brand":[],"product_cat":[1498],"product_tag":[],"brand":[],"target-group":[],"discontinued":[],"class_list":{"0":"post-347739","1":"product","2":"type-product","3":"status-archive","5":"product_cat-bruder-legetoej","7":"first","8":"outofstock","9":"taxable","10":"shipping-taxable","11":"product-type-simple"},"aioseo_notices":[],"_links":{"self":[{"href":"https:\/\/games.tactic.net\/da\/wp-json\/wp\/v2\/product\/347739","targetHints":{"allow":["GET"]}}],"collection":[{"href":"https:\/\/games.tactic.net\/da\/wp-json\/wp\/v2\/product"}],"about":[{"href":"https:\/\/games.tactic.net\/da\/wp-json\/wp\/v2\/types\/product"}],"wp:attachment":[{"href":"https:\/\/games.tactic.net\/da\/wp-json\/wp\/v2\/media?parent=347739"}],"wp:term":[{"taxonomy":"product_brand","embeddable":true,"href":"https:\/\/games.tactic.net\/da\/wp-json\/wp\/v2\/product_brand?post=347739"},{"taxonomy":"product_cat","embeddable":true,"href":"https:\/\/games.tactic.net\/da\/wp-json\/wp\/v2\/product_cat?post=347739"},{"taxonomy":"product_tag","embeddable":true,"href":"https:\/\/games.tactic.net\/da\/wp-json\/wp\/v2\/product_tag?post=347739"},{"taxonomy":"brand","embeddable":true,"href":"https:\/\/games.tactic.net\/da\/wp-json\/wp\/v2\/brand?post=347739"},{"taxonomy":"target-group","embeddable":true,"href":"https:\/\/games.tactic.net\/da\/wp-json\/wp\/v2\/target-group?post=347739"},{"taxonomy":"discontinued","embeddable":true,"href":"https:\/\/games.tactic.net\/da\/wp-json\/wp\/v2\/discontinued?post=347739"}],"curies":[{"name":"wp","href":"https:\/\/api.w.org\/{rel}","templated":true}]}}