{"id":347696,"date":"2022-01-21T13:49:30","date_gmt":"2022-01-21T11:49:30","guid":{"rendered":"https:\/\/games.tactic.net\/tuote\/scania-r-series-garbage-truck-orange\/"},"modified":"2024-08-20T10:43:12","modified_gmt":"2024-08-20T07:43:12","slug":"scania-r-series-garbage-truck-orange","status":"archive","type":"product","link":"https:\/\/games.tactic.net\/da\/tuote\/scania-r-series-garbage-truck-orange\/","title":{"rendered":"Bruder Scania R-Series Garbage truck toy"},"content":{"rendered":"<p>Den komplette lastning- og t\u00f8mningsproces p\u00e5 denne skraldebil styres med en unik drejehjulsmekanisme, hvor to skraldespande kan t\u00f8mmes samtidigt. To sm\u00e5 skraldespande er inkluderet.<\/p>\n","protected":false},"excerpt":{"rendered":"<p>Den komplette lastning- og t\u00f8mningsproces p\u00e5 denne skraldebil styres med en unik drejehjulsmekanisme, hvor to skraldespande kan t\u00f8mmes samtidigt. To sm\u00e5 skraldespande er inkluderet.<\/p>\n","protected":false},"featured_media":0,"template":"","meta":{"content-type":"","_monsterinsights_skip_tracking":false,"_monsterinsights_sitenote_active":false,"_monsterinsights_sitenote_note":"","_monsterinsights_sitenote_category":0},"product_brand":[],"product_cat":[1498],"product_tag":[],"brand":[],"target-group":[],"discontinued":[],"class_list":{"0":"post-347696","1":"product","2":"type-product","3":"status-archive","5":"product_cat-bruder-legetoej","7":"first","8":"outofstock","9":"taxable","10":"shipping-taxable","11":"product-type-simple"},"aioseo_notices":[],"_links":{"self":[{"href":"https:\/\/games.tactic.net\/da\/wp-json\/wp\/v2\/product\/347696","targetHints":{"allow":["GET"]}}],"collection":[{"href":"https:\/\/games.tactic.net\/da\/wp-json\/wp\/v2\/product"}],"about":[{"href":"https:\/\/games.tactic.net\/da\/wp-json\/wp\/v2\/types\/product"}],"wp:attachment":[{"href":"https:\/\/games.tactic.net\/da\/wp-json\/wp\/v2\/media?parent=347696"}],"wp:term":[{"taxonomy":"product_brand","embeddable":true,"href":"https:\/\/games.tactic.net\/da\/wp-json\/wp\/v2\/product_brand?post=347696"},{"taxonomy":"product_cat","embeddable":true,"href":"https:\/\/games.tactic.net\/da\/wp-json\/wp\/v2\/product_cat?post=347696"},{"taxonomy":"product_tag","embeddable":true,"href":"https:\/\/games.tactic.net\/da\/wp-json\/wp\/v2\/product_tag?post=347696"},{"taxonomy":"brand","embeddable":true,"href":"https:\/\/games.tactic.net\/da\/wp-json\/wp\/v2\/brand?post=347696"},{"taxonomy":"target-group","embeddable":true,"href":"https:\/\/games.tactic.net\/da\/wp-json\/wp\/v2\/target-group?post=347696"},{"taxonomy":"discontinued","embeddable":true,"href":"https:\/\/games.tactic.net\/da\/wp-json\/wp\/v2\/discontinued?post=347696"}],"curies":[{"name":"wp","href":"https:\/\/api.w.org\/{rel}","templated":true}]}}