{"id":347667,"date":"2022-01-21T13:49:20","date_gmt":"2022-01-21T11:49:20","guid":{"rendered":"https:\/\/games.tactic.net\/tuote\/scania-r-series-low-loader-truck-with-cat-bulldozer\/"},"modified":"2023-12-12T18:51:09","modified_gmt":"2023-12-12T16:51:09","slug":"scania-r-series-low-loader-truck-with-cat-bulldozer","status":"archive","type":"product","link":"https:\/\/games.tactic.net\/da\/tuote\/scania-r-series-low-loader-truck-with-cat-bulldozer\/","title":{"rendered":"Bruder Scania R-Series Low loader truck with CAT Bulldozer"},"content":{"rendered":"<p>Scandia lastbil med blokvogn har mange funktioner som foldbare sidespejle, og d\u00f8re der kan \u00e5bnes. Blokvognen er fuldt funktionel. K\u00f8reramperne kan foldes ned og har justerbar l\u00e5seanordning for sikker k\u00f8rsel med last. Den medf\u00f8lgende Caterpillar bulldozer har et plovblad, der kan vippes, h\u00e6ves, s\u00e6nkes og l\u00e5ses fast. Den aftagelige skovl kan ogs\u00e5 s\u00e6nkes. Bulldozeren har larvef\u00f8dder.<\/p>\n","protected":false},"excerpt":{"rendered":"<p>Scandia lastbil med blokvogn har mange funktioner som foldbare sidespejle, og d\u00f8re der kan \u00e5bnes. Blokvognen er fuldt funktionel. K\u00f8reramperne kan foldes ned og har justerbar l\u00e5seanordning for sikker k\u00f8rsel med last. Den medf\u00f8lgende Caterpillar bulldozer har et plovblad, der kan vippes, h\u00e6ves, s\u00e6nkes og l\u00e5ses fast. Den aftagelige skovl kan ogs\u00e5 s\u00e6nkes. Bulldozeren har larvef\u00f8dder.<\/p>\n","protected":false},"featured_media":0,"template":"","meta":{"content-type":"","_monsterinsights_skip_tracking":false,"_monsterinsights_sitenote_active":false,"_monsterinsights_sitenote_note":"","_monsterinsights_sitenote_category":0},"product_brand":[],"product_cat":[1498],"product_tag":[],"brand":[],"target-group":[],"discontinued":[],"class_list":{"0":"post-347667","1":"product","2":"type-product","3":"status-archive","5":"product_cat-bruder-legetoej","7":"first","8":"outofstock","9":"taxable","10":"shipping-taxable","11":"product-type-simple"},"aioseo_notices":[],"_links":{"self":[{"href":"https:\/\/games.tactic.net\/da\/wp-json\/wp\/v2\/product\/347667","targetHints":{"allow":["GET"]}}],"collection":[{"href":"https:\/\/games.tactic.net\/da\/wp-json\/wp\/v2\/product"}],"about":[{"href":"https:\/\/games.tactic.net\/da\/wp-json\/wp\/v2\/types\/product"}],"wp:attachment":[{"href":"https:\/\/games.tactic.net\/da\/wp-json\/wp\/v2\/media?parent=347667"}],"wp:term":[{"taxonomy":"product_brand","embeddable":true,"href":"https:\/\/games.tactic.net\/da\/wp-json\/wp\/v2\/product_brand?post=347667"},{"taxonomy":"product_cat","embeddable":true,"href":"https:\/\/games.tactic.net\/da\/wp-json\/wp\/v2\/product_cat?post=347667"},{"taxonomy":"product_tag","embeddable":true,"href":"https:\/\/games.tactic.net\/da\/wp-json\/wp\/v2\/product_tag?post=347667"},{"taxonomy":"brand","embeddable":true,"href":"https:\/\/games.tactic.net\/da\/wp-json\/wp\/v2\/brand?post=347667"},{"taxonomy":"target-group","embeddable":true,"href":"https:\/\/games.tactic.net\/da\/wp-json\/wp\/v2\/target-group?post=347667"},{"taxonomy":"discontinued","embeddable":true,"href":"https:\/\/games.tactic.net\/da\/wp-json\/wp\/v2\/discontinued?post=347667"}],"curies":[{"name":"wp","href":"https:\/\/api.w.org\/{rel}","templated":true}]}}