{"id":347638,"date":"2022-01-21T13:49:09","date_gmt":"2022-01-21T11:49:09","guid":{"rendered":"https:\/\/games.tactic.net\/tuote\/scania-r-series-tipper-truck\/"},"modified":"2023-11-20T09:52:37","modified_gmt":"2023-11-20T07:52:37","slug":"scania-r-series-tipper-truck","status":"archive","type":"product","link":"https:\/\/games.tactic.net\/da\/tuote\/scania-r-series-tipper-truck\/","title":{"rendered":"Bruder Scania R-Series Tipper truck"},"content":{"rendered":"<p>F\u00f8rerhuset er udstyret med en forrude af brudsikker polycarbonat. Scania lastbilens sidespejle kan foldes ind, og d\u00f8rene kan \u00e5bnes. Det store justerbare lad kan tippes, og har en bagklap som kan \u00e5bnes. Lastbilen med tiplad, fire aksler og robuste bl\u00f8de d\u00e6k er konstrueret til meget tungt arbejde.<\/p>\n","protected":false},"excerpt":{"rendered":"<p>F\u00f8rerhuset er udstyret med en forrude af brudsikker polycarbonat. Scania lastbilens sidespejle kan foldes ind, og d\u00f8rene kan \u00e5bnes. Det store justerbare lad kan tippes, og har en bagklap som kan \u00e5bnes. Lastbilen med tiplad, fire aksler og robuste bl\u00f8de d\u00e6k er konstrueret til meget tungt arbejde.<\/p>\n","protected":false},"featured_media":0,"template":"","meta":{"content-type":"","_monsterinsights_skip_tracking":false,"_monsterinsights_sitenote_active":false,"_monsterinsights_sitenote_note":"","_monsterinsights_sitenote_category":0},"product_brand":[],"product_cat":[1498],"product_tag":[],"brand":[],"target-group":[],"discontinued":[],"class_list":{"0":"post-347638","1":"product","2":"type-product","3":"status-archive","5":"product_cat-bruder-legetoej","7":"first","8":"outofstock","9":"taxable","10":"shipping-taxable","11":"product-type-simple"},"aioseo_notices":[],"_links":{"self":[{"href":"https:\/\/games.tactic.net\/da\/wp-json\/wp\/v2\/product\/347638","targetHints":{"allow":["GET"]}}],"collection":[{"href":"https:\/\/games.tactic.net\/da\/wp-json\/wp\/v2\/product"}],"about":[{"href":"https:\/\/games.tactic.net\/da\/wp-json\/wp\/v2\/types\/product"}],"wp:attachment":[{"href":"https:\/\/games.tactic.net\/da\/wp-json\/wp\/v2\/media?parent=347638"}],"wp:term":[{"taxonomy":"product_brand","embeddable":true,"href":"https:\/\/games.tactic.net\/da\/wp-json\/wp\/v2\/product_brand?post=347638"},{"taxonomy":"product_cat","embeddable":true,"href":"https:\/\/games.tactic.net\/da\/wp-json\/wp\/v2\/product_cat?post=347638"},{"taxonomy":"product_tag","embeddable":true,"href":"https:\/\/games.tactic.net\/da\/wp-json\/wp\/v2\/product_tag?post=347638"},{"taxonomy":"brand","embeddable":true,"href":"https:\/\/games.tactic.net\/da\/wp-json\/wp\/v2\/brand?post=347638"},{"taxonomy":"target-group","embeddable":true,"href":"https:\/\/games.tactic.net\/da\/wp-json\/wp\/v2\/target-group?post=347638"},{"taxonomy":"discontinued","embeddable":true,"href":"https:\/\/games.tactic.net\/da\/wp-json\/wp\/v2\/discontinued?post=347638"}],"curies":[{"name":"wp","href":"https:\/\/api.w.org\/{rel}","templated":true}]}}