{"id":347581,"date":"2022-01-21T13:48:57","date_gmt":"2022-01-21T11:48:57","guid":{"rendered":"https:\/\/games.tactic.net\/tuote\/scania-r-series-timber-truck-with-loading-crane-and-3trunks\/"},"modified":"2023-10-24T13:20:30","modified_gmt":"2023-10-24T10:20:30","slug":"scania-r-series-timber-truck-with-loading-crane-and-3trunks","status":"archive","type":"product","link":"https:\/\/games.tactic.net\/da\/tuote\/scania-r-series-timber-truck-with-loading-crane-and-3trunks\/","title":{"rendered":"Bruder Scania R-Series Timber truck with loading crane and 3trunks"},"content":{"rendered":"<p>Scanias t\u00f8mmerlastbil har en lastkran monteret bag f\u00f8rerhuset. Lastkranen er udstyret med en grab til at flytte tr\u00e6stammer. Yderligere finesser er den drejelige kran samt k\u00e6der p\u00e5 ladets st\u00f8tter. St\u00f8tterne kan ogs\u00e5 foldes ned, s\u00e5 der kan lastes t\u00f8mmer fra siderne. Lastvognen kan t\u00f8mmes ved at tippe ladet bagud.<\/p>\n","protected":false},"excerpt":{"rendered":"<p>Scanias t\u00f8mmerlastbil har en lastkran monteret bag f\u00f8rerhuset. Lastkranen er udstyret med en grab til at flytte tr\u00e6stammer. Yderligere finesser er den drejelige kran samt k\u00e6der p\u00e5 ladets st\u00f8tter. St\u00f8tterne kan ogs\u00e5 foldes ned, s\u00e5 der kan lastes t\u00f8mmer fra siderne. Lastvognen kan t\u00f8mmes ved at tippe ladet bagud.<\/p>\n","protected":false},"featured_media":0,"template":"","meta":{"content-type":"","_monsterinsights_skip_tracking":false,"_monsterinsights_sitenote_active":false,"_monsterinsights_sitenote_note":"","_monsterinsights_sitenote_category":0},"product_brand":[],"product_cat":[1498],"product_tag":[],"brand":[],"target-group":[],"discontinued":[],"class_list":{"0":"post-347581","1":"product","2":"type-product","3":"status-archive","5":"product_cat-bruder-legetoej","7":"first","8":"outofstock","9":"taxable","10":"shipping-taxable","11":"product-type-simple"},"aioseo_notices":[],"_links":{"self":[{"href":"https:\/\/games.tactic.net\/da\/wp-json\/wp\/v2\/product\/347581","targetHints":{"allow":["GET"]}}],"collection":[{"href":"https:\/\/games.tactic.net\/da\/wp-json\/wp\/v2\/product"}],"about":[{"href":"https:\/\/games.tactic.net\/da\/wp-json\/wp\/v2\/types\/product"}],"wp:attachment":[{"href":"https:\/\/games.tactic.net\/da\/wp-json\/wp\/v2\/media?parent=347581"}],"wp:term":[{"taxonomy":"product_brand","embeddable":true,"href":"https:\/\/games.tactic.net\/da\/wp-json\/wp\/v2\/product_brand?post=347581"},{"taxonomy":"product_cat","embeddable":true,"href":"https:\/\/games.tactic.net\/da\/wp-json\/wp\/v2\/product_cat?post=347581"},{"taxonomy":"product_tag","embeddable":true,"href":"https:\/\/games.tactic.net\/da\/wp-json\/wp\/v2\/product_tag?post=347581"},{"taxonomy":"brand","embeddable":true,"href":"https:\/\/games.tactic.net\/da\/wp-json\/wp\/v2\/brand?post=347581"},{"taxonomy":"target-group","embeddable":true,"href":"https:\/\/games.tactic.net\/da\/wp-json\/wp\/v2\/target-group?post=347581"},{"taxonomy":"discontinued","embeddable":true,"href":"https:\/\/games.tactic.net\/da\/wp-json\/wp\/v2\/discontinued?post=347581"}],"curies":[{"name":"wp","href":"https:\/\/api.w.org\/{rel}","templated":true}]}}