{"id":347422,"date":"2022-01-21T13:48:01","date_gmt":"2022-01-21T11:48:01","guid":{"rendered":"https:\/\/games.tactic.net\/tuote\/john-deere-7930-with-frontloader\/"},"modified":"2022-10-18T14:31:58","modified_gmt":"2022-10-18T11:31:58","slug":"john-deere-7930-with-frontloader","status":"archive","type":"product","link":"https:\/\/games.tactic.net\/da\/tuote\/john-deere-7930-with-frontloader\/","title":{"rendered":"John Deere 7930 with frontloader"},"content":{"rendered":"<p>Denne John Deere 7930 traktor har ruder hele vejen rundt i f\u00f8rerhuset, og d\u00f8re der kan \u00e5bnes. Frontboksen kan tages af, og den har helflydende offroad-foraksel og justerbart tr\u00e6k. Det unikke styresystem medf\u00f8rer, at traktoren kan styres via en ratforl\u00e6nger gennem taget. Frontl\u00e6sser er inkluderet.<\/p>\n","protected":false},"excerpt":{"rendered":"<p>Denne John Deere 7930 traktor har ruder hele vejen rundt i f\u00f8rerhuset, og d\u00f8re der kan \u00e5bnes. Frontboksen kan tages af, og den har helflydende offroad-foraksel og justerbart tr\u00e6k. Det unikke styresystem medf\u00f8rer, at traktoren kan styres via en ratforl\u00e6nger gennem taget. Frontl\u00e6sser er inkluderet.<\/p>\n","protected":false},"featured_media":0,"template":"","meta":{"content-type":"","_monsterinsights_skip_tracking":false,"_monsterinsights_sitenote_active":false,"_monsterinsights_sitenote_note":"","_monsterinsights_sitenote_category":0},"product_brand":[],"product_cat":[1498],"product_tag":[],"brand":[],"target-group":[],"discontinued":[],"class_list":{"0":"post-347422","1":"product","2":"type-product","3":"status-archive","5":"product_cat-bruder-legetoej","7":"first","8":"outofstock","9":"taxable","10":"shipping-taxable","11":"product-type-simple"},"aioseo_notices":[],"_links":{"self":[{"href":"https:\/\/games.tactic.net\/da\/wp-json\/wp\/v2\/product\/347422","targetHints":{"allow":["GET"]}}],"collection":[{"href":"https:\/\/games.tactic.net\/da\/wp-json\/wp\/v2\/product"}],"about":[{"href":"https:\/\/games.tactic.net\/da\/wp-json\/wp\/v2\/types\/product"}],"wp:attachment":[{"href":"https:\/\/games.tactic.net\/da\/wp-json\/wp\/v2\/media?parent=347422"}],"wp:term":[{"taxonomy":"product_brand","embeddable":true,"href":"https:\/\/games.tactic.net\/da\/wp-json\/wp\/v2\/product_brand?post=347422"},{"taxonomy":"product_cat","embeddable":true,"href":"https:\/\/games.tactic.net\/da\/wp-json\/wp\/v2\/product_cat?post=347422"},{"taxonomy":"product_tag","embeddable":true,"href":"https:\/\/games.tactic.net\/da\/wp-json\/wp\/v2\/product_tag?post=347422"},{"taxonomy":"brand","embeddable":true,"href":"https:\/\/games.tactic.net\/da\/wp-json\/wp\/v2\/brand?post=347422"},{"taxonomy":"target-group","embeddable":true,"href":"https:\/\/games.tactic.net\/da\/wp-json\/wp\/v2\/target-group?post=347422"},{"taxonomy":"discontinued","embeddable":true,"href":"https:\/\/games.tactic.net\/da\/wp-json\/wp\/v2\/discontinued?post=347422"}],"curies":[{"name":"wp","href":"https:\/\/api.w.org\/{rel}","templated":true}]}}