{"id":347364,"date":"2022-01-21T13:47:41","date_gmt":"2022-01-21T11:47:41","guid":{"rendered":"https:\/\/games.tactic.net\/tuote\/massey-ferguson-7600-with-frontloader\/"},"modified":"2023-10-20T16:45:53","modified_gmt":"2023-10-20T13:45:53","slug":"massey-ferguson-7600-with-frontloader","status":"publish","type":"product","link":"https:\/\/games.tactic.net\/da\/tuote\/massey-ferguson-7600-with-frontloader\/","title":{"rendered":"Bruder Massey Ferguson 7624 traktor med frontl\u00e6sser leget\u00f8j"},"content":{"rendered":"<p>MF 7600-serien har ligeledes vundet talrige priser \u2013 ikke m\u00e6rkeligt, at BRUDER har denne toptraktor i sortimentet. Modellen har glas\u00adkabine, \u00e5bne d\u00f8re og motorhjelm samt realistisk styring via styrestang gennem taget. Den pendulopbyggede foraksel \u00f8ger man\u00f8vredygtigheden, mens aftagelig frontv\u00e6gt og frontl\u00e6sser g\u00f8r den til en alsidig arbejdshest. Det h\u00f8jdejusterbare tr\u00e6k giver mulighed for at koble mange BRUDER-redskaber og trailere til. Passende figurer kan tilk\u00f8bes separat.<\/p>\n","protected":false},"excerpt":{"rendered":"<p>MF 7600 PREMIUM-PRO: detaljeret model med glaskabine, styring, aftagelig v\u00e6gt &#038; frontl\u00e6sser. Tr\u00e6k passer til alle BRUDER trailere \u2013 realistisk landbrugsleg.<\/p>\n","protected":false},"featured_media":0,"template":"","meta":{"content-type":"","_monsterinsights_skip_tracking":false,"_monsterinsights_sitenote_active":false,"_monsterinsights_sitenote_note":"","_monsterinsights_sitenote_category":0},"product_brand":[],"product_cat":[1498],"product_tag":[],"brand":[],"target-group":[],"discontinued":[],"class_list":{"0":"post-347364","1":"product","2":"type-product","3":"status-publish","5":"product_cat-bruder-legetoej","7":"first","8":"outofstock","9":"taxable","10":"shipping-taxable","11":"product-type-simple"},"aioseo_notices":[],"_links":{"self":[{"href":"https:\/\/games.tactic.net\/da\/wp-json\/wp\/v2\/product\/347364","targetHints":{"allow":["GET"]}}],"collection":[{"href":"https:\/\/games.tactic.net\/da\/wp-json\/wp\/v2\/product"}],"about":[{"href":"https:\/\/games.tactic.net\/da\/wp-json\/wp\/v2\/types\/product"}],"wp:attachment":[{"href":"https:\/\/games.tactic.net\/da\/wp-json\/wp\/v2\/media?parent=347364"}],"wp:term":[{"taxonomy":"product_brand","embeddable":true,"href":"https:\/\/games.tactic.net\/da\/wp-json\/wp\/v2\/product_brand?post=347364"},{"taxonomy":"product_cat","embeddable":true,"href":"https:\/\/games.tactic.net\/da\/wp-json\/wp\/v2\/product_cat?post=347364"},{"taxonomy":"product_tag","embeddable":true,"href":"https:\/\/games.tactic.net\/da\/wp-json\/wp\/v2\/product_tag?post=347364"},{"taxonomy":"brand","embeddable":true,"href":"https:\/\/games.tactic.net\/da\/wp-json\/wp\/v2\/brand?post=347364"},{"taxonomy":"target-group","embeddable":true,"href":"https:\/\/games.tactic.net\/da\/wp-json\/wp\/v2\/target-group?post=347364"},{"taxonomy":"discontinued","embeddable":true,"href":"https:\/\/games.tactic.net\/da\/wp-json\/wp\/v2\/discontinued?post=347364"}],"curies":[{"name":"wp","href":"https:\/\/api.w.org\/{rel}","templated":true}]}}