{"id":347305,"date":"2022-01-21T13:47:10","date_gmt":"2022-01-21T11:47:10","guid":{"rendered":"https:\/\/games.tactic.net\/tuote\/man-tga-low-loader-truck-with-jcb-4cx-backhoe-loader\/"},"modified":"2023-10-16T09:22:14","modified_gmt":"2023-10-16T06:22:14","slug":"man-tga-low-loader-truck-with-jcb-4cx-backhoe-loader","status":"archive","type":"product","link":"https:\/\/games.tactic.net\/da\/tuote\/man-tga-low-loader-truck-with-jcb-4cx-backhoe-loader\/","title":{"rendered":"Bruder MAN TGA Low loader truck with JCB 4CX Backhoe loader"},"content":{"rendered":"<p>MAN TGA lastbil med nedbygget trailer og 4CX rendegraver kan sammenkobles med en blokvogn. Den har fuldt fungerende semitrailer, foldbare sider og k\u00f8rerampe. JBC 4CX rendegraveren kan arbejde b\u00e5de for- og bagl\u00e6ns, og f\u00f8rers\u00e6det kan roteres 360\u00b0.<\/p>\n","protected":false},"excerpt":{"rendered":"<p>MAN TGA lastbil med nedbygget trailer og 4CX rendegraver kan sammenkobles med en blokvogn. Den har fuldt fungerende semitrailer, foldbare sider og k\u00f8rerampe. JBC 4CX rendegraveren kan arbejde b\u00e5de for- og bagl\u00e6ns, og f\u00f8rers\u00e6det kan roteres 360\u00b0.<\/p>\n","protected":false},"featured_media":0,"template":"","meta":{"content-type":"","_monsterinsights_skip_tracking":false,"_monsterinsights_sitenote_active":false,"_monsterinsights_sitenote_note":"","_monsterinsights_sitenote_category":0},"product_brand":[],"product_cat":[1498],"product_tag":[],"brand":[],"target-group":[],"discontinued":[],"class_list":{"0":"post-347305","1":"product","2":"type-product","3":"status-archive","5":"product_cat-bruder-legetoej","7":"first","8":"outofstock","9":"taxable","10":"shipping-taxable","11":"product-type-simple"},"aioseo_notices":[],"_links":{"self":[{"href":"https:\/\/games.tactic.net\/da\/wp-json\/wp\/v2\/product\/347305","targetHints":{"allow":["GET"]}}],"collection":[{"href":"https:\/\/games.tactic.net\/da\/wp-json\/wp\/v2\/product"}],"about":[{"href":"https:\/\/games.tactic.net\/da\/wp-json\/wp\/v2\/types\/product"}],"wp:attachment":[{"href":"https:\/\/games.tactic.net\/da\/wp-json\/wp\/v2\/media?parent=347305"}],"wp:term":[{"taxonomy":"product_brand","embeddable":true,"href":"https:\/\/games.tactic.net\/da\/wp-json\/wp\/v2\/product_brand?post=347305"},{"taxonomy":"product_cat","embeddable":true,"href":"https:\/\/games.tactic.net\/da\/wp-json\/wp\/v2\/product_cat?post=347305"},{"taxonomy":"product_tag","embeddable":true,"href":"https:\/\/games.tactic.net\/da\/wp-json\/wp\/v2\/product_tag?post=347305"},{"taxonomy":"brand","embeddable":true,"href":"https:\/\/games.tactic.net\/da\/wp-json\/wp\/v2\/brand?post=347305"},{"taxonomy":"target-group","embeddable":true,"href":"https:\/\/games.tactic.net\/da\/wp-json\/wp\/v2\/target-group?post=347305"},{"taxonomy":"discontinued","embeddable":true,"href":"https:\/\/games.tactic.net\/da\/wp-json\/wp\/v2\/discontinued?post=347305"}],"curies":[{"name":"wp","href":"https:\/\/api.w.org\/{rel}","templated":true}]}}