{"id":347247,"date":"2022-01-21T13:46:49","date_gmt":"2022-01-21T11:46:49","guid":{"rendered":"https:\/\/games.tactic.net\/tuote\/man-tga-timber-truck-with-loading-crane-and-3-trunks\/"},"modified":"2023-10-20T16:39:31","modified_gmt":"2023-10-20T13:39:31","slug":"man-tga-timber-truck-with-loading-crane-and-3-trunks","status":"publish","type":"product","link":"https:\/\/games.tactic.net\/da\/tuote\/man-tga-timber-truck-with-loading-crane-and-3-trunks\/","title":{"rendered":"Bruder MAN TGA Timber truck with loading crane and 3 trunks toy"},"content":{"rendered":"<p>Denne Man tr\u00e6transporter har et f\u00f8rerhus, som kan tippes, s\u00e5 motorblokken bliver synlig. F\u00f8rerhusets sidespejle kan foldes ud, og lastbilens sider kan klappes op. Den fuldt fungerende l\u00e6ssekran har en krog til lastning og losning af tr\u00e6stammer. Tre tr\u00e6stammer er inkluderet.<\/p>\n","protected":false},"excerpt":{"rendered":"<p>Denne Man tr\u00e6transporter har et f\u00f8rerhus, som kan tippes, s\u00e5 motorblokken bliver synlig. F\u00f8rerhusets sidespejle kan foldes ud, og lastbilens sider kan klappes op. Den fuldt fungerende l\u00e6ssekran har en krog til lastning og losning af tr\u00e6stammer. Tre tr\u00e6stammer er inkluderet.<\/p>\n","protected":false},"featured_media":0,"template":"","meta":{"content-type":"","_monsterinsights_skip_tracking":false,"_monsterinsights_sitenote_active":false,"_monsterinsights_sitenote_note":"","_monsterinsights_sitenote_category":0},"product_brand":[],"product_cat":[1498],"product_tag":[],"brand":[],"target-group":[],"discontinued":[],"class_list":{"0":"post-347247","1":"product","2":"type-product","3":"status-publish","5":"product_cat-bruder-legetoej","7":"first","8":"instock","9":"taxable","10":"shipping-taxable","11":"product-type-simple"},"aioseo_notices":[],"_links":{"self":[{"href":"https:\/\/games.tactic.net\/da\/wp-json\/wp\/v2\/product\/347247","targetHints":{"allow":["GET"]}}],"collection":[{"href":"https:\/\/games.tactic.net\/da\/wp-json\/wp\/v2\/product"}],"about":[{"href":"https:\/\/games.tactic.net\/da\/wp-json\/wp\/v2\/types\/product"}],"wp:attachment":[{"href":"https:\/\/games.tactic.net\/da\/wp-json\/wp\/v2\/media?parent=347247"}],"wp:term":[{"taxonomy":"product_brand","embeddable":true,"href":"https:\/\/games.tactic.net\/da\/wp-json\/wp\/v2\/product_brand?post=347247"},{"taxonomy":"product_cat","embeddable":true,"href":"https:\/\/games.tactic.net\/da\/wp-json\/wp\/v2\/product_cat?post=347247"},{"taxonomy":"product_tag","embeddable":true,"href":"https:\/\/games.tactic.net\/da\/wp-json\/wp\/v2\/product_tag?post=347247"},{"taxonomy":"brand","embeddable":true,"href":"https:\/\/games.tactic.net\/da\/wp-json\/wp\/v2\/brand?post=347247"},{"taxonomy":"target-group","embeddable":true,"href":"https:\/\/games.tactic.net\/da\/wp-json\/wp\/v2\/target-group?post=347247"},{"taxonomy":"discontinued","embeddable":true,"href":"https:\/\/games.tactic.net\/da\/wp-json\/wp\/v2\/discontinued?post=347247"}],"curies":[{"name":"wp","href":"https:\/\/api.w.org\/{rel}","templated":true}]}}