{"id":347189,"date":"2022-01-21T13:46:27","date_gmt":"2022-01-21T11:46:27","guid":{"rendered":"https:\/\/games.tactic.net\/tuote\/man-tga-crane-truck\/"},"modified":"2023-10-20T16:34:28","modified_gmt":"2023-10-20T13:34:28","slug":"man-tga-crane-truck","status":"publish","type":"product","link":"https:\/\/games.tactic.net\/da\/tuote\/man-tga-crane-truck\/","title":{"rendered":"Bruder MAN TGA Kranlastbil leget\u00f8j"},"content":{"rendered":"<p>MAN kranlastbilens kabine kan vippes, s\u00e5 motoren ses. Spejlene kan foldes ud. Kranen drejer 360\u00b0, armen kan forl\u00e6nges og h\u00f8jdejusteres hydraulisk. Spillet betjenes med h\u00e5ndsving, og en udl\u00f8ser g\u00f8r det hurtigt at s\u00e6nke lasten. Fire st\u00f8tteben og v\u00e6rkt\u00f8jskasse fuldender modellen. Kan udbygges med Lys &#038; Lyd modul (02801).<\/p>\n","protected":false},"excerpt":{"rendered":"<p>MAN TGA kranlastbil har mange realistiske funktioner og tilbeh\u00f8r \u2013 kan udbygges med Lys &#038; Lyd-modul (ekstra).<\/p>\n","protected":false},"featured_media":0,"template":"","meta":{"content-type":"","_monsterinsights_skip_tracking":false,"_monsterinsights_sitenote_active":false,"_monsterinsights_sitenote_note":"","_monsterinsights_sitenote_category":0},"product_brand":[],"product_cat":[1498],"product_tag":[],"brand":[],"target-group":[],"discontinued":[],"class_list":{"0":"post-347189","1":"product","2":"type-product","3":"status-publish","5":"product_cat-bruder-legetoej","7":"first","8":"instock","9":"taxable","10":"shipping-taxable","11":"product-type-simple"},"aioseo_notices":[],"_links":{"self":[{"href":"https:\/\/games.tactic.net\/da\/wp-json\/wp\/v2\/product\/347189","targetHints":{"allow":["GET"]}}],"collection":[{"href":"https:\/\/games.tactic.net\/da\/wp-json\/wp\/v2\/product"}],"about":[{"href":"https:\/\/games.tactic.net\/da\/wp-json\/wp\/v2\/types\/product"}],"wp:attachment":[{"href":"https:\/\/games.tactic.net\/da\/wp-json\/wp\/v2\/media?parent=347189"}],"wp:term":[{"taxonomy":"product_brand","embeddable":true,"href":"https:\/\/games.tactic.net\/da\/wp-json\/wp\/v2\/product_brand?post=347189"},{"taxonomy":"product_cat","embeddable":true,"href":"https:\/\/games.tactic.net\/da\/wp-json\/wp\/v2\/product_cat?post=347189"},{"taxonomy":"product_tag","embeddable":true,"href":"https:\/\/games.tactic.net\/da\/wp-json\/wp\/v2\/product_tag?post=347189"},{"taxonomy":"brand","embeddable":true,"href":"https:\/\/games.tactic.net\/da\/wp-json\/wp\/v2\/brand?post=347189"},{"taxonomy":"target-group","embeddable":true,"href":"https:\/\/games.tactic.net\/da\/wp-json\/wp\/v2\/target-group?post=347189"},{"taxonomy":"discontinued","embeddable":true,"href":"https:\/\/games.tactic.net\/da\/wp-json\/wp\/v2\/discontinued?post=347189"}],"curies":[{"name":"wp","href":"https:\/\/api.w.org\/{rel}","templated":true}]}}