{"id":347160,"date":"2022-01-21T13:46:16","date_gmt":"2022-01-21T11:46:16","guid":{"rendered":"https:\/\/games.tactic.net\/tuote\/man-tga-construction-truck-and-articulated-road-loader-fr-130\/"},"modified":"2023-10-20T16:33:38","modified_gmt":"2023-10-20T13:33:38","slug":"man-tga-construction-truck-and-articulated-road-loader-fr-130","status":"publish","type":"product","link":"https:\/\/games.tactic.net\/da\/tuote\/man-tga-construction-truck-and-articulated-road-loader-fr-130\/","title":{"rendered":"Bruder MAN TGA construction truck and FR 130 articulated road loader toy"},"content":{"rendered":"<p>Dette s\u00e6t inkluderer b\u00e5de en Man lastbil og en traktor p\u00e5 hjul, s\u00e5 legen kan begynde lige med det samme. Lastbilens tre sider kan klappes ned. Ladet kan ogs\u00e5 tippes og l\u00e5ses. Den kn\u00e6kstyrede traktor FR 130 har en fuldt fungerende skovlarm, som kan l\u00e5ses i fast position.<\/p>\n","protected":false},"excerpt":{"rendered":"<p>Bruder MAN TGA lastbil og Gummiged FR 130<\/p>\n","protected":false},"featured_media":0,"template":"","meta":{"content-type":"","_monsterinsights_skip_tracking":false,"_monsterinsights_sitenote_active":false,"_monsterinsights_sitenote_note":"","_monsterinsights_sitenote_category":0},"product_brand":[],"product_cat":[1498],"product_tag":[],"brand":[],"target-group":[],"discontinued":[],"class_list":{"0":"post-347160","1":"product","2":"type-product","3":"status-publish","5":"product_cat-bruder-legetoej","7":"first","8":"instock","9":"taxable","10":"shipping-taxable","11":"product-type-simple"},"aioseo_notices":[],"_links":{"self":[{"href":"https:\/\/games.tactic.net\/da\/wp-json\/wp\/v2\/product\/347160","targetHints":{"allow":["GET"]}}],"collection":[{"href":"https:\/\/games.tactic.net\/da\/wp-json\/wp\/v2\/product"}],"about":[{"href":"https:\/\/games.tactic.net\/da\/wp-json\/wp\/v2\/types\/product"}],"wp:attachment":[{"href":"https:\/\/games.tactic.net\/da\/wp-json\/wp\/v2\/media?parent=347160"}],"wp:term":[{"taxonomy":"product_brand","embeddable":true,"href":"https:\/\/games.tactic.net\/da\/wp-json\/wp\/v2\/product_brand?post=347160"},{"taxonomy":"product_cat","embeddable":true,"href":"https:\/\/games.tactic.net\/da\/wp-json\/wp\/v2\/product_cat?post=347160"},{"taxonomy":"product_tag","embeddable":true,"href":"https:\/\/games.tactic.net\/da\/wp-json\/wp\/v2\/product_tag?post=347160"},{"taxonomy":"brand","embeddable":true,"href":"https:\/\/games.tactic.net\/da\/wp-json\/wp\/v2\/brand?post=347160"},{"taxonomy":"target-group","embeddable":true,"href":"https:\/\/games.tactic.net\/da\/wp-json\/wp\/v2\/target-group?post=347160"},{"taxonomy":"discontinued","embeddable":true,"href":"https:\/\/games.tactic.net\/da\/wp-json\/wp\/v2\/discontinued?post=347160"}],"curies":[{"name":"wp","href":"https:\/\/api.w.org\/{rel}","templated":true}]}}