{"id":347131,"date":"2022-01-21T13:46:07","date_gmt":"2022-01-21T11:46:07","guid":{"rendered":"https:\/\/games.tactic.net\/tuote\/man-tga-construction-truck-and-liebherr-excavator\/"},"modified":"2023-10-20T16:34:02","modified_gmt":"2023-10-20T13:34:02","slug":"man-tga-construction-truck-and-liebherr-excavator","status":"publish","type":"product","link":"https:\/\/games.tactic.net\/da\/tuote\/man-tga-construction-truck-and-liebherr-excavator\/","title":{"rendered":"Bruder MAN TGA Byggelastbil og Liebherr Gravemaskine leget\u00f8j"},"content":{"rendered":"<p>Med MAN lastbil og Liebherr gravemaskine kan jord flyttes, l\u00e6sses og k\u00f8res v\u00e6k p\u00e5 ingen tid. Lastbilen har tre nedf\u00e6ldelige sider, s\u00e5 materialer kan afl\u00e6sses i alle retninger. Tippelad og l\u00e5s er funktionelle. Gravemaskinen har fuldt bev\u00e6gelig arm, drejelig overdel og st\u00f8tteben. Kan udbygges med Lys &#038; Lyd modul (02801).<\/p>\n","protected":false},"excerpt":{"rendered":"<p>Grav med Liebherr gravemaskinen, l\u00e6s traileren og transport\u00e9r v\u00e6k \u2013 dette BRUDER s\u00e6t indeholder b\u00e5de gravemaskine og MAN lastbil.<\/p>\n","protected":false},"featured_media":0,"template":"","meta":{"content-type":"","_monsterinsights_skip_tracking":false,"_monsterinsights_sitenote_active":false,"_monsterinsights_sitenote_note":"","_monsterinsights_sitenote_category":0},"product_brand":[],"product_cat":[1498],"product_tag":[],"brand":[],"target-group":[],"discontinued":[],"class_list":{"0":"post-347131","1":"product","2":"type-product","3":"status-publish","5":"product_cat-bruder-legetoej","7":"first","8":"instock","9":"taxable","10":"shipping-taxable","11":"product-type-simple"},"aioseo_notices":[],"_links":{"self":[{"href":"https:\/\/games.tactic.net\/da\/wp-json\/wp\/v2\/product\/347131","targetHints":{"allow":["GET"]}}],"collection":[{"href":"https:\/\/games.tactic.net\/da\/wp-json\/wp\/v2\/product"}],"about":[{"href":"https:\/\/games.tactic.net\/da\/wp-json\/wp\/v2\/types\/product"}],"wp:attachment":[{"href":"https:\/\/games.tactic.net\/da\/wp-json\/wp\/v2\/media?parent=347131"}],"wp:term":[{"taxonomy":"product_brand","embeddable":true,"href":"https:\/\/games.tactic.net\/da\/wp-json\/wp\/v2\/product_brand?post=347131"},{"taxonomy":"product_cat","embeddable":true,"href":"https:\/\/games.tactic.net\/da\/wp-json\/wp\/v2\/product_cat?post=347131"},{"taxonomy":"product_tag","embeddable":true,"href":"https:\/\/games.tactic.net\/da\/wp-json\/wp\/v2\/product_tag?post=347131"},{"taxonomy":"brand","embeddable":true,"href":"https:\/\/games.tactic.net\/da\/wp-json\/wp\/v2\/brand?post=347131"},{"taxonomy":"target-group","embeddable":true,"href":"https:\/\/games.tactic.net\/da\/wp-json\/wp\/v2\/target-group?post=347131"},{"taxonomy":"discontinued","embeddable":true,"href":"https:\/\/games.tactic.net\/da\/wp-json\/wp\/v2\/discontinued?post=347131"}],"curies":[{"name":"wp","href":"https:\/\/api.w.org\/{rel}","templated":true}]}}