{"id":347116,"date":"2022-01-21T13:45:54","date_gmt":"2022-01-21T11:45:54","guid":{"rendered":"https:\/\/games.tactic.net\/tuote\/man-tga-breakdown-truck-with-cross-country-vehicle\/"},"modified":"2023-10-11T10:05:56","modified_gmt":"2023-10-11T07:05:56","slug":"man-tga-breakdown-truck-with-cross-country-vehicle","status":"publish","type":"product","link":"https:\/\/games.tactic.net\/da\/tuote\/man-tga-breakdown-truck-with-cross-country-vehicle\/","title":{"rendered":"Bruder MAN TGA Breakdown truck with cross country vehicle toy"},"content":{"rendered":"<p>Denne blokvogn med kran kan laste et havareret k\u00f8ret\u00f8j og transportere det til v\u00e6rksted. L\u00e6sserampen kan fjernes, og kranen kan forl\u00e6nges og svinges rundt. Desuden har den udskydelig hjullift og smart bugsering. Et terr\u00e6ng\u00e5ende k\u00f8ret\u00f8j er inkluderet.<\/p>\n","protected":false},"excerpt":{"rendered":"<p>Denne blokvogn med kran kan laste et havareret k\u00f8ret\u00f8j og transportere det til v\u00e6rksted. L\u00e6sserampen kan fjernes, og kranen kan forl\u00e6nges og svinges rundt. Desuden har den udskydelig hjullift og smart bugsering. Et terr\u00e6ng\u00e5ende k\u00f8ret\u00f8j er inkluderet.<\/p>\n","protected":false},"featured_media":0,"template":"","meta":{"content-type":"","_monsterinsights_skip_tracking":false,"_monsterinsights_sitenote_active":false,"_monsterinsights_sitenote_note":"","_monsterinsights_sitenote_category":0},"product_brand":[],"product_cat":[1498],"product_tag":[],"brand":[],"target-group":[],"discontinued":[],"class_list":{"0":"post-347116","1":"product","2":"type-product","3":"status-publish","5":"product_cat-bruder-legetoej","7":"first","8":"instock","9":"taxable","10":"shipping-taxable","11":"product-type-simple"},"aioseo_notices":[],"_links":{"self":[{"href":"https:\/\/games.tactic.net\/da\/wp-json\/wp\/v2\/product\/347116","targetHints":{"allow":["GET"]}}],"collection":[{"href":"https:\/\/games.tactic.net\/da\/wp-json\/wp\/v2\/product"}],"about":[{"href":"https:\/\/games.tactic.net\/da\/wp-json\/wp\/v2\/types\/product"}],"wp:attachment":[{"href":"https:\/\/games.tactic.net\/da\/wp-json\/wp\/v2\/media?parent=347116"}],"wp:term":[{"taxonomy":"product_brand","embeddable":true,"href":"https:\/\/games.tactic.net\/da\/wp-json\/wp\/v2\/product_brand?post=347116"},{"taxonomy":"product_cat","embeddable":true,"href":"https:\/\/games.tactic.net\/da\/wp-json\/wp\/v2\/product_cat?post=347116"},{"taxonomy":"product_tag","embeddable":true,"href":"https:\/\/games.tactic.net\/da\/wp-json\/wp\/v2\/product_tag?post=347116"},{"taxonomy":"brand","embeddable":true,"href":"https:\/\/games.tactic.net\/da\/wp-json\/wp\/v2\/brand?post=347116"},{"taxonomy":"target-group","embeddable":true,"href":"https:\/\/games.tactic.net\/da\/wp-json\/wp\/v2\/target-group?post=347116"},{"taxonomy":"discontinued","embeddable":true,"href":"https:\/\/games.tactic.net\/da\/wp-json\/wp\/v2\/discontinued?post=347116"}],"curies":[{"name":"wp","href":"https:\/\/api.w.org\/{rel}","templated":true}]}}