{"id":346986,"date":"2022-01-21T13:45:13","date_gmt":"2022-01-21T11:45:13","guid":{"rendered":"https:\/\/games.tactic.net\/tuote\/land-rover-defender-station-wagon-with-horse-trailer-1-horse\/"},"modified":"2023-10-20T16:10:58","modified_gmt":"2023-10-20T13:10:58","slug":"land-rover-defender-station-wagon-with-horse-trailer-1-horse","status":"publish","type":"product","link":"https:\/\/games.tactic.net\/da\/tuote\/land-rover-defender-station-wagon-with-horse-trailer-1-horse\/","title":{"rendered":"Bruder Land Rover Defender Station Wagon with horse trailer and horse toy"},"content":{"rendered":"<p>Enhver detalje p\u00e5 denne Land Rover er tro kopier af originalen og omfatter en lang r\u00e6kke funktioner. K\u00f8ret\u00f8jet er meget eftertragtet af hestesportsfans, da det kombiner offroad-egenskaber med stilfuldt design. Desuden medf\u00f8lger en hestetrailer, som kan tilkobles. En hest er inkluderet.<\/p>\n","protected":false},"excerpt":{"rendered":"<p>Enhver detalje p\u00e5 denne Land Rover er tro kopier af originalen og omfatter en lang r\u00e6kke funktioner. K\u00f8ret\u00f8jet er meget eftertragtet af hestesportsfans, da det kombiner offroad-egenskaber med stilfuldt design. Desuden medf\u00f8lger en hestetrailer, som kan tilkobles. En hest er inkluderet.<\/p>\n","protected":false},"featured_media":0,"template":"","meta":{"content-type":"","_monsterinsights_skip_tracking":false,"_monsterinsights_sitenote_active":false,"_monsterinsights_sitenote_note":"","_monsterinsights_sitenote_category":0},"product_brand":[],"product_cat":[1498],"product_tag":[],"brand":[],"target-group":[],"discontinued":[],"class_list":{"0":"post-346986","1":"product","2":"type-product","3":"status-publish","5":"product_cat-bruder-legetoej","7":"first","8":"outofstock","9":"taxable","10":"shipping-taxable","11":"product-type-simple"},"aioseo_notices":[],"_links":{"self":[{"href":"https:\/\/games.tactic.net\/da\/wp-json\/wp\/v2\/product\/346986","targetHints":{"allow":["GET"]}}],"collection":[{"href":"https:\/\/games.tactic.net\/da\/wp-json\/wp\/v2\/product"}],"about":[{"href":"https:\/\/games.tactic.net\/da\/wp-json\/wp\/v2\/types\/product"}],"wp:attachment":[{"href":"https:\/\/games.tactic.net\/da\/wp-json\/wp\/v2\/media?parent=346986"}],"wp:term":[{"taxonomy":"product_brand","embeddable":true,"href":"https:\/\/games.tactic.net\/da\/wp-json\/wp\/v2\/product_brand?post=346986"},{"taxonomy":"product_cat","embeddable":true,"href":"https:\/\/games.tactic.net\/da\/wp-json\/wp\/v2\/product_cat?post=346986"},{"taxonomy":"product_tag","embeddable":true,"href":"https:\/\/games.tactic.net\/da\/wp-json\/wp\/v2\/product_tag?post=346986"},{"taxonomy":"brand","embeddable":true,"href":"https:\/\/games.tactic.net\/da\/wp-json\/wp\/v2\/brand?post=346986"},{"taxonomy":"target-group","embeddable":true,"href":"https:\/\/games.tactic.net\/da\/wp-json\/wp\/v2\/target-group?post=346986"},{"taxonomy":"discontinued","embeddable":true,"href":"https:\/\/games.tactic.net\/da\/wp-json\/wp\/v2\/discontinued?post=346986"}],"curies":[{"name":"wp","href":"https:\/\/api.w.org\/{rel}","templated":true}]}}