{"id":346957,"date":"2022-01-21T13:45:03","date_gmt":"2022-01-21T11:45:03","guid":{"rendered":"https:\/\/games.tactic.net\/tuote\/land-rover-defender-station-wagon\/"},"modified":"2023-12-12T18:51:04","modified_gmt":"2023-12-12T16:51:04","slug":"land-rover-defender-station-wagon","status":"archive","type":"product","link":"https:\/\/games.tactic.net\/da\/tuote\/land-rover-defender-station-wagon\/","title":{"rendered":"Bruder Land Rover Defender Station Wagon"},"content":{"rendered":"<p>Land Roverens motorhjelm, bag- og sided\u00f8re kan \u00e5bnes. Bags\u00e6der og tr\u00e6kstang kan fjernes. Affjedring p\u00e5 for- og bagaksler g\u00f8r k\u00f8ret\u00f8jet smidigt i ethvert terr\u00e6n. Forakslen kan styres med den ekstra styrepind.<\/p>\n","protected":false},"excerpt":{"rendered":"<p>Land Roverens motorhjelm, bag- og sided\u00f8re kan \u00e5bnes. Bags\u00e6der og tr\u00e6kstang kan fjernes. Affjedring p\u00e5 for- og bagaksler g\u00f8r k\u00f8ret\u00f8jet smidigt i ethvert terr\u00e6n. Forakslen kan styres med den ekstra styrepind.<\/p>\n","protected":false},"featured_media":0,"template":"","meta":{"content-type":"","_monsterinsights_skip_tracking":false,"_monsterinsights_sitenote_active":false,"_monsterinsights_sitenote_note":"","_monsterinsights_sitenote_category":0},"product_brand":[],"product_cat":[1498],"product_tag":[],"brand":[],"target-group":[],"discontinued":[],"class_list":{"0":"post-346957","1":"product","2":"type-product","3":"status-archive","5":"product_cat-bruder-legetoej","7":"first","8":"outofstock","9":"taxable","10":"shipping-taxable","11":"product-type-simple"},"aioseo_notices":[],"_links":{"self":[{"href":"https:\/\/games.tactic.net\/da\/wp-json\/wp\/v2\/product\/346957","targetHints":{"allow":["GET"]}}],"collection":[{"href":"https:\/\/games.tactic.net\/da\/wp-json\/wp\/v2\/product"}],"about":[{"href":"https:\/\/games.tactic.net\/da\/wp-json\/wp\/v2\/types\/product"}],"wp:attachment":[{"href":"https:\/\/games.tactic.net\/da\/wp-json\/wp\/v2\/media?parent=346957"}],"wp:term":[{"taxonomy":"product_brand","embeddable":true,"href":"https:\/\/games.tactic.net\/da\/wp-json\/wp\/v2\/product_brand?post=346957"},{"taxonomy":"product_cat","embeddable":true,"href":"https:\/\/games.tactic.net\/da\/wp-json\/wp\/v2\/product_cat?post=346957"},{"taxonomy":"product_tag","embeddable":true,"href":"https:\/\/games.tactic.net\/da\/wp-json\/wp\/v2\/product_tag?post=346957"},{"taxonomy":"brand","embeddable":true,"href":"https:\/\/games.tactic.net\/da\/wp-json\/wp\/v2\/brand?post=346957"},{"taxonomy":"target-group","embeddable":true,"href":"https:\/\/games.tactic.net\/da\/wp-json\/wp\/v2\/target-group?post=346957"},{"taxonomy":"discontinued","embeddable":true,"href":"https:\/\/games.tactic.net\/da\/wp-json\/wp\/v2\/discontinued?post=346957"}],"curies":[{"name":"wp","href":"https:\/\/api.w.org\/{rel}","templated":true}]}}